{"id":1265,"date":"2022-02-03T00:20:15","date_gmt":"2022-02-03T00:20:15","guid":{"rendered":"https:\/\/infinityglobal.eclipse-dev.com\/chi-siamo\/"},"modified":"2025-01-28T18:18:42","modified_gmt":"2025-01-28T18:18:42","slug":"chi-siamo","status":"publish","type":"page","link":"https:\/\/www.infinityrp.com\/it\/chi-siamo\/","title":{"rendered":"Chi siamo"},"content":{"rendered":"\n<h1 class=\"wp-block-heading\">Il tuo partner di fiducia dei brand di lusso leader a livello mondiale<\/h1>\n\n\n\n\n<section data-name=\"imagelinks1961195132\" class=\"block image-links  accent-white  \"  style=\" \">\n<div class=\"container-md\">\n    <div class=\"row\">\n                <div\n            class=\"col-md-12 links-container position-text-centered \">\n                                                <div style=\"padding-top:16.666666666667%; \n                                    padding-bottom:16.666666666667%; \n                                    background-image:url(https:\/\/www.infinityrp.com\/wp-content\/uploads\/2022\/03\/Group-33-copy.png);\"\n                        class=\" offset-fadeInUp col-natural bg-cover link-block color-white \">\n                        <h3>LAVORO ARTIGIANALE<\/h3>\n                    <\/div>\n                                <div style=\"padding-top:16.666666666667%; \n                                    padding-bottom:16.666666666667%; \n                                    background-image:url(https:\/\/www.infinityrp.com\/wp-content\/uploads\/2022\/04\/optimized_02_diortube_00359_rt_v3-scaled.jpg);\"\n                        class=\" offset-fadeInUp col-natural bg-cover link-block color-white \">\n                        <h3>INNOVAZIONE<\/h3>\n                    <\/div>\n                                <div style=\"padding-top:16.666666666667%; \n                                    padding-bottom:16.666666666667%; \n                                    background-image:url(https:\/\/www.infinityrp.com\/wp-content\/uploads\/2022\/04\/optimized_shutterstock_1495175648-scaled.jpg);\"\n                        class=\" offset-fadeInUp col-natural bg-cover link-block color-white \">\n                        <h3>COLLABORAZIONE<\/h3>\n                    <\/div>\n            \n                    <\/div>\n    <\/div>\n<\/div>\n<\/section>\n\n\n<h3 class=\"wp-block-heading\">La nostra Vision<\/h3>\n\n\n\n<div style=\"height:40px\" aria-hidden=\"true\" class=\"wp-block-spacer\"><\/div>\n\n\n\n<p class=\"h2\">Con il nostro approccio olistico alla progettazione e al risultato, ci siamo costruiti negli anni una reputazione di integrit\u00e0, affidabilit\u00e0 ed eccellenza. Un biglietto da visita che fa s\u00ec che le maison di moda e lusso pi\u00f9 influenti al mondo ci scelgano per raccontare l&#8217;unicit\u00e0 del proprio brand.<\/p>\n\n\n\n\n\n\n<section data-name=\"paddedcontent125125362\" class=\"block padded-content    \"  style=\" \">\n\n    <div class=\"container-md \">\n        <div class=\"row border-left\">\n            <div class=\"col-md-1 \"><\/div>\n                            <div class=\"inner-content col-md-10 fadeInUp\">\n                    <p>Dopo 25 anni di esperienza in un\u2019azienda inclusa nella Fortune 100 globale, nel 2005 Ron Palmer fonda Infinity Global. La sua visione prevede di operare come un\u2019estensione del cliente, ricercando e offrendo la soluzione migliore per ciascun settore specializzato.<\/p>\n<p>Siamo orgogliosi di essere la soluzione a tutto tondo scelta dai retailer del settore del lusso, e di poter offrire soluzioni di packaging innovative, sostenibili e personalizzate, dallo sviluppo alla realizzazione del prodotto finito, fino ad arrivare alla distribuzione su scala globale e alla gestione dei dati.<\/p>\n<p>Attraverso i nostri programmi collaboriamo con i clienti per anticiparne le esigenze, sviluppando strategie personalizzate che ci consentono di agire tempestivamente nell\u2019affrontare le sfide e i rapidi e continui mutamenti del mercato in un settore in continua evoluzione.<\/p>\n<p>Ti affianchiamo in ogni fase del progetto sviluppando strategie atte a soddisfare ogni tua esigenza.<\/p>\n                <\/div>\n                        <div class=\"col-md-1\"><\/div>\n\n        <\/div>\n    <\/div>\n\n\n<\/section>\n\n\n\n\n<section data-name=\"contentgrid419183195\" class=\"block content-grid   background-silver \"  style=\" \"><div class=\"container-md block-heading-container\">\n      <div class=\"row\">\n        <div class=\"col-md-12\"><h3>I NOSTRI VALORI<\/h3>\n<\/div>\n      <\/div>\n    <\/div>    <div class=\"container-md\">\n\n        <div class=\"row\">\n                            <div class=\"col-md-6 title-block \">\n                        <h2>Definire una cultura fatta di integrit\u00e0, qualit\u00e0 e creativit\u00e0<\/h2>\n                <\/div>\n                                        <div class=\"col-md-6 content-block \" data-order=\"3\">\n                    <div class=\"content-block__inner\">\n                        <h4>Responsabilit\u00e0<\/h4>\n<p>Operiamo con un senso di responsabilit\u00e0, prendiamo l\u2019iniziativa e perseguiamo i nostri obiettivi senza sosta.<\/p>\n                    <\/div>\n                <\/div>\n                            <div class=\"col-md-6 content-block \" data-order=\"1\">\n                    <div class=\"content-block__inner\">\n                        <h4>Fare la differenza<\/h4>\n<p>Pratichiamo l\u2019empatia con l\u2019intenzione di fare la differenza nelle vite altrui.<\/p>\n                    <\/div>\n                <\/div>\n                            <div class=\"col-md-6 content-block \" data-order=\"4\">\n                    <div class=\"content-block__inner\">\n                        <h4>Ispirazione<\/h4>\n<p>Puntiamo a essere una fonte d\u2019ispirazione per la crescita e la realizzazione attraverso il lavoro sodo e il divertimento.<\/p>\n                    <\/div>\n                <\/div>\n                            <div class=\"col-md-6 content-block \" data-order=\"2\">\n                    <div class=\"content-block__inner\">\n                        <h4>Eccellenza<\/h4>\n<p>Il nostro obiettivo \u00e8 raggiungere l\u2019eccellenza con una passione per la qualit\u00e0 senza confronti.<\/p>\n                    <\/div>\n                <\/div>\n                            <div class=\"col-md-6 content-block \" data-order=\"5\">\n                    <div class=\"content-block__inner\">\n                        <h4>Fiducia<\/h4>\n<p>Coltiviamo la fiducia reciproca e ci impegniamo a incoraggiare un\u2019atmosfera aperta, collaborativa e sincera.<\/p>\n                    <\/div>\n                <\/div>\n                    <\/div>\n    <\/div>\n<\/section>\n\n\n\n<section data-name=\"imagelinks1776285810\" class=\"block image-links   background-silver \"  style=\" ;padding-top: 0; \"><div class=\"container-md block-heading-container\">\n      <div class=\"row\">\n        <div class=\"col-md-12\"><h3>DARE IL PROPRIO CONTRIBUTO<\/h3>\n<\/div>\n      <\/div>\n    <\/div>\n<div class=\"container-md\">\n    <div class=\"row\">\n                    <div class=\"col-md-12 intro-block fadeInUp\">\n                <p><span class=\"h2\">Restituire la speranza alle famiglie e alle generazioni future<\/span><\/p>\n<p>Attraverso i nostri investimenti in organizzazioni no-profit e iniziative per la comunit\u00e0, offriamo sostegno alle famiglie, creiamo spazi di lavoro sicuri e miglioriamo l\u2019accesso all\u2019istruzione.<\/p>\n            <\/div>\n                <div\n            class=\"col-md-12 links-container position-text- \">\n                                        <a class=\"offset-fadeInUp col-natural text-only-link link-block color- \"\n                href=\"https:\/\/www.unicef.org\/\" target=\"_blank\">\n                <h4>UNICEF<\/h3>\n            <\/a>\n                        <a class=\"offset-fadeInUp col-natural text-only-link link-block color- \"\n                href=\"https:\/\/www.parley.tv\/#fortheoceans\" target=\"_blank\">\n                <h4>Parley<\/h3>\n            <\/a>\n                        <a class=\"offset-fadeInUp col-natural text-only-link link-block color- \"\n                href=\"https:\/\/www.wfp.org\/\" target=\"_blank\">\n                <h4>WFP<\/h3>\n            <\/a>\n                        <a class=\"offset-fadeInUp col-natural text-only-link link-block color- \"\n                href=\"https:\/\/www.charitywater.org\/\" target=\"_blank\">\n                <h4>charity: water<\/h3>\n            <\/a>\n            \n\n\n\n                    <\/div>\n    <\/div>\n<\/div>\n<\/section>\n\n\n\n\n\n<section data-name=\"splitblockimgright817510930\" class=\"block split-block img-right     \" id=\"lavora-con-noi\" style=\" \">    <div class=\"container-md\">\n\n        <div class=\"row\">\n                            <div class=\"col-md-5 text-block inner-block\">\n                    <div class=\"content-group\">\n                        <h3>Lavora con noi<\/h3>\n<h2>Entra Nel Team<\/h2>\n<p>Siamo un team di menti creative e innovative: siamo produttivi ma fantasiosi, imprenditoriali ma pragmatici, internazionali ma uniti. Ci impegniamo a investire nei talenti, nel favorire la crescita di chi lavora per noi e nell\u2019offrire opportunit\u00e0 di sviluppo professionale, e promuoviamo un ambiente di lavoro che valorizza il singolo individuo.<\/p>\n<h4><a href='https:\/\/infinityglobal.careers.hibob.com' target=\"_blank\" rel=\"noreferrer noopener\">Posizioni Aperte<\/a><\/h4>\n                    <\/div>\n                <\/div>\n                                        <div class=\"col-md-7 img-block inner-block\">\n                    <img decoding=\"async\" src=\"https:\/\/www.infinityrp.com\/wp-content\/uploads\/2022\/04\/optimized_gettyimages-1276859694-scaled.jpg\" alt=\"\" \/>\n                <\/div>\n                    <\/div>\n    <\/div>\n<\/section>\n\n\n\n\n<section data-name=\"pullquote46038163\" class=\"block pullquote    \"  style=\" ;padding-bottom: 0; \">\n    <div class=\"container-md\">\n        <div class=\"row\">\n           <div class=\"col-md-12 pullquote-inner fadeInUp\">\n               <img decoding=\"async\" class=\"pullquote-icon\" style=\"max-width:100px\" src=\"\/wp-content\/themes\/ems-infinityglobal\/assets\/quote.svg\">\n               <div class=\"quote-slides\">\n                                             <div class=\"slide pullquote-content accented\">Infinity Global si distingue nel promuovere la crescita professionale dei singoli individui. In Infinity Global ho potuto migliorare rapidamente la mia posizione, con la consapevolezza che i miei contributi sono davvero apprezzati. Sono orgoglioso di far parte di questo team eccezionale.<br>\r\n<span class=\"h3\">Delos | Acquisti | Danville, Virginia<\/span><\/div>\n                                             <div class=\"slide pullquote-content accented\">Grazie a Infinity Global ho potuto costruire la mia carriera e raggiungere obiettivi professionali che non avevo mai creduto possibili. Infinity Global ha davvero a cuore il mio futuro e il mio successo.\r\n<br>\r\n<span class=\"h3\">Morgan | Sviluppo Fornitori | New York, New York<\/span><\/div>\n                                             <div class=\"slide pullquote-content accented\">Siamo un team di persone motivate e di talento, provenienti da diversi paesi, che lavorano insieme. Sento di essere all\u2019inizio di una grande avventura, e sono felice di essere salito su questo treno al momento giusto.\r\n<br>\r\n<span class=\"h3\">Claire | Business Development | Parigi, Francia<\/span><\/div>\n                                             <div class=\"slide pullquote-content accented\">Ciascuno di noi ha un contributo prezioso da offrire e Infinity Global ti incoraggia a trovare il tuo valore.\r\n<br>\r\n<span class=\"h3\">Richard | Qualit\u00e0 e Sourcing | Kunshan City, China <\/span><\/div>\n                                     <\/div>\n               <!-- <img decoding=\"async\" class=\"pullquote-icon\" style=\"max-width:100px\" src=\"\/wp-content\/themes\/ems-infinityglobal\/assets\/quote.svg\"> -->\n\n           <\/div>\n        <\/div>\n    <\/div>\n\n\n<\/section>","protected":false},"excerpt":{"rendered":"<p>Il tuo partner di fiducia dei brand di lusso leader a livello mondiale La nostra Vision Con il nostro approccio olistico alla progettazione e al risultato, ci siamo costruiti negli anni una reputazione di integrit\u00e0, affidabilit\u00e0 ed eccellenza. Un biglietto da visita che fa s\u00ec che le maison di moda e lusso pi\u00f9 influenti al &#8230; <a title=\"Chi siamo\" class=\"read-more\" href=\"https:\/\/www.infinityrp.com\/it\/chi-siamo\/\" aria-label=\"Read more about Chi siamo\">Read more<\/a><\/p>\n","protected":false},"author":1,"featured_media":0,"parent":0,"menu_order":0,"comment_status":"closed","ping_status":"closed","template":"","meta":{"_acf_changed":false,"footnotes":""},"class_list":["post-1265","page","type-page","status-publish"],"acf":[],"yoast_head":"<!-- This site is optimized with the Yoast SEO plugin v25.9 - https:\/\/yoast.com\/wordpress\/plugins\/seo\/ -->\n<title>Chi siamo | Infinity Global<\/title>\n<meta name=\"description\" content=\"Il partner di fiducia per il packaging dei brand di lusso leader a livello mondiale.\" \/>\n<meta name=\"robots\" content=\"index, follow, max-snippet:-1, max-image-preview:large, max-video-preview:-1\" \/>\n<link rel=\"canonical\" href=\"https:\/\/www.infinityrp.com\/it\/chi-siamo\/\" \/>\n<meta property=\"og:locale\" content=\"it_IT\" \/>\n<meta property=\"og:type\" content=\"article\" \/>\n<meta property=\"og:title\" content=\"Chi siamo | Infinity Global\" \/>\n<meta property=\"og:description\" content=\"Il partner di fiducia per il packaging dei brand di lusso leader a livello mondiale.\" \/>\n<meta property=\"og:url\" content=\"https:\/\/www.infinityrp.com\/it\/chi-siamo\/\" \/>\n<meta property=\"og:site_name\" content=\"Infinity Global\" \/>\n<meta property=\"article:modified_time\" content=\"2025-01-28T18:18:42+00:00\" \/>\n<meta name=\"twitter:card\" content=\"summary_large_image\" \/>\n<meta name=\"twitter:label1\" content=\"Est. reading time\" \/>\n\t<meta name=\"twitter:data1\" content=\"1 minute\" \/>\n<script type=\"application\/ld+json\" class=\"yoast-schema-graph\">{\"@context\":\"https:\/\/schema.org\",\"@graph\":[{\"@type\":\"WebPage\",\"@id\":\"https:\/\/www.infinityrp.com\/it\/chi-siamo\/\",\"url\":\"https:\/\/www.infinityrp.com\/it\/chi-siamo\/\",\"name\":\"Chi siamo | Infinity Global\",\"isPartOf\":{\"@id\":\"https:\/\/wwwnew.uat.infinityrp.com\/#website\"},\"datePublished\":\"2022-02-03T00:20:15+00:00\",\"dateModified\":\"2025-01-28T18:18:42+00:00\",\"description\":\"Il partner di fiducia per il packaging dei brand di lusso leader a livello mondiale.\",\"breadcrumb\":{\"@id\":\"https:\/\/www.infinityrp.com\/it\/chi-siamo\/#breadcrumb\"},\"inLanguage\":\"it-IT\",\"potentialAction\":[{\"@type\":\"ReadAction\",\"target\":[\"https:\/\/www.infinityrp.com\/it\/chi-siamo\/\"]}]},{\"@type\":\"BreadcrumbList\",\"@id\":\"https:\/\/www.infinityrp.com\/it\/chi-siamo\/#breadcrumb\",\"itemListElement\":[{\"@type\":\"ListItem\",\"position\":1,\"name\":\"Home\",\"item\":\"https:\/\/wwwnew.uat.infinityrp.com\/it\/\"},{\"@type\":\"ListItem\",\"position\":2,\"name\":\"Chi siamo\"}]},{\"@type\":\"WebSite\",\"@id\":\"https:\/\/wwwnew.uat.infinityrp.com\/#website\",\"url\":\"https:\/\/wwwnew.uat.infinityrp.com\/\",\"name\":\"Infinity Global\",\"description\":\"Innovative and sustainable solutions for the world\u2019s most iconic brands.\",\"publisher\":{\"@id\":\"https:\/\/wwwnew.uat.infinityrp.com\/#organization\"},\"potentialAction\":[{\"@type\":\"SearchAction\",\"target\":{\"@type\":\"EntryPoint\",\"urlTemplate\":\"https:\/\/wwwnew.uat.infinityrp.com\/?s={search_term_string}\"},\"query-input\":{\"@type\":\"PropertyValueSpecification\",\"valueRequired\":true,\"valueName\":\"search_term_string\"}}],\"inLanguage\":\"it-IT\"},{\"@type\":\"Organization\",\"@id\":\"https:\/\/wwwnew.uat.infinityrp.com\/#organization\",\"name\":\"Infinity Global\",\"url\":\"https:\/\/wwwnew.uat.infinityrp.com\/\",\"logo\":{\"@type\":\"ImageObject\",\"inLanguage\":\"it-IT\",\"@id\":\"https:\/\/wwwnew.uat.infinityrp.com\/#\/schema\/logo\/image\/\",\"url\":\"https:\/\/www.infinityrp.com\/wp-content\/uploads\/2022\/02\/header-logo.svg\",\"contentUrl\":\"https:\/\/www.infinityrp.com\/wp-content\/uploads\/2022\/02\/header-logo.svg\",\"width\":172,\"height\":47,\"caption\":\"Infinity Global\"},\"image\":{\"@id\":\"https:\/\/wwwnew.uat.infinityrp.com\/#\/schema\/logo\/image\/\"}}]}<\/script>\n<!-- \/ Yoast SEO plugin. -->","yoast_head_json":{"title":"Chi siamo | Infinity Global","description":"Il partner di fiducia per il packaging dei brand di lusso leader a livello mondiale.","robots":{"index":"index","follow":"follow","max-snippet":"max-snippet:-1","max-image-preview":"max-image-preview:large","max-video-preview":"max-video-preview:-1"},"canonical":"https:\/\/www.infinityrp.com\/it\/chi-siamo\/","og_locale":"it_IT","og_type":"article","og_title":"Chi siamo | Infinity Global","og_description":"Il partner di fiducia per il packaging dei brand di lusso leader a livello mondiale.","og_url":"https:\/\/www.infinityrp.com\/it\/chi-siamo\/","og_site_name":"Infinity Global","article_modified_time":"2025-01-28T18:18:42+00:00","twitter_card":"summary_large_image","twitter_misc":{"Est. reading time":"1 minute"},"schema":{"@context":"https:\/\/schema.org","@graph":[{"@type":"WebPage","@id":"https:\/\/www.infinityrp.com\/it\/chi-siamo\/","url":"https:\/\/www.infinityrp.com\/it\/chi-siamo\/","name":"Chi siamo | Infinity Global","isPartOf":{"@id":"https:\/\/wwwnew.uat.infinityrp.com\/#website"},"datePublished":"2022-02-03T00:20:15+00:00","dateModified":"2025-01-28T18:18:42+00:00","description":"Il partner di fiducia per il packaging dei brand di lusso leader a livello mondiale.","breadcrumb":{"@id":"https:\/\/www.infinityrp.com\/it\/chi-siamo\/#breadcrumb"},"inLanguage":"it-IT","potentialAction":[{"@type":"ReadAction","target":["https:\/\/www.infinityrp.com\/it\/chi-siamo\/"]}]},{"@type":"BreadcrumbList","@id":"https:\/\/www.infinityrp.com\/it\/chi-siamo\/#breadcrumb","itemListElement":[{"@type":"ListItem","position":1,"name":"Home","item":"https:\/\/wwwnew.uat.infinityrp.com\/it\/"},{"@type":"ListItem","position":2,"name":"Chi siamo"}]},{"@type":"WebSite","@id":"https:\/\/wwwnew.uat.infinityrp.com\/#website","url":"https:\/\/wwwnew.uat.infinityrp.com\/","name":"Infinity Global","description":"Innovative and sustainable solutions for the world\u2019s most iconic brands.","publisher":{"@id":"https:\/\/wwwnew.uat.infinityrp.com\/#organization"},"potentialAction":[{"@type":"SearchAction","target":{"@type":"EntryPoint","urlTemplate":"https:\/\/wwwnew.uat.infinityrp.com\/?s={search_term_string}"},"query-input":{"@type":"PropertyValueSpecification","valueRequired":true,"valueName":"search_term_string"}}],"inLanguage":"it-IT"},{"@type":"Organization","@id":"https:\/\/wwwnew.uat.infinityrp.com\/#organization","name":"Infinity Global","url":"https:\/\/wwwnew.uat.infinityrp.com\/","logo":{"@type":"ImageObject","inLanguage":"it-IT","@id":"https:\/\/wwwnew.uat.infinityrp.com\/#\/schema\/logo\/image\/","url":"https:\/\/www.infinityrp.com\/wp-content\/uploads\/2022\/02\/header-logo.svg","contentUrl":"https:\/\/www.infinityrp.com\/wp-content\/uploads\/2022\/02\/header-logo.svg","width":172,"height":47,"caption":"Infinity Global"},"image":{"@id":"https:\/\/wwwnew.uat.infinityrp.com\/#\/schema\/logo\/image\/"}}]}},"_links":{"self":[{"href":"https:\/\/www.infinityrp.com\/it\/wp-json\/wp\/v2\/pages\/1265","targetHints":{"allow":["GET"]}}],"collection":[{"href":"https:\/\/www.infinityrp.com\/it\/wp-json\/wp\/v2\/pages"}],"about":[{"href":"https:\/\/www.infinityrp.com\/it\/wp-json\/wp\/v2\/types\/page"}],"author":[{"embeddable":true,"href":"https:\/\/www.infinityrp.com\/it\/wp-json\/wp\/v2\/users\/1"}],"replies":[{"embeddable":true,"href":"https:\/\/www.infinityrp.com\/it\/wp-json\/wp\/v2\/comments?post=1265"}],"version-history":[{"count":45,"href":"https:\/\/www.infinityrp.com\/it\/wp-json\/wp\/v2\/pages\/1265\/revisions"}],"predecessor-version":[{"id":2582,"href":"https:\/\/www.infinityrp.com\/it\/wp-json\/wp\/v2\/pages\/1265\/revisions\/2582"}],"wp:attachment":[{"href":"https:\/\/www.infinityrp.com\/it\/wp-json\/wp\/v2\/media?parent=1265"}],"curies":[{"name":"wp","href":"https:\/\/api.w.org\/{rel}","templated":true}]}}