{"id":1263,"date":"2022-03-10T21:54:03","date_gmt":"2022-03-10T21:54:03","guid":{"rendered":"https:\/\/infinityglobal.eclipse-dev.com\/sostenibilita\/"},"modified":"2023-12-11T21:50:06","modified_gmt":"2023-12-11T21:50:06","slug":"sostenibilita","status":"publish","type":"page","link":"https:\/\/www.infinityrp.com\/it\/sostenibilita\/","title":{"rendered":"Sostenibilit\u00e0"},"content":{"rendered":"\n<h1 class=\"wp-block-heading\">Sostenibilit\u00e0 in Ogni <span class=\"desktop-linebreak\"><\/span>Fase del Processo<\/h1>\n\n\n\n<div style=\"height:80px\" aria-hidden=\"true\" class=\"wp-block-spacer\"><\/div>\n\n\n<section data-name=\"imagehero103222980\" class=\"block image-hero    \"  style=\" \">\n    <div class=\"container-fluid fadeInUp\">\n        <div class=\"row\">\n            <img decoding=\"async\" width=\"1800\" height=\"914\" src=\"https:\/\/www.infinityrp.com\/wp-content\/uploads\/2023\/08\/shutterstock_1762566149-2.jpg\" class=\"attachment-full size-full\" alt=\"\" srcset=\"https:\/\/www.infinityrp.com\/wp-content\/uploads\/2023\/08\/shutterstock_1762566149-2.jpg 1800w, https:\/\/www.infinityrp.com\/wp-content\/uploads\/2023\/08\/shutterstock_1762566149-2-300x152.jpg 300w, https:\/\/www.infinityrp.com\/wp-content\/uploads\/2023\/08\/shutterstock_1762566149-2-1024x520.jpg 1024w, https:\/\/www.infinityrp.com\/wp-content\/uploads\/2023\/08\/shutterstock_1762566149-2-768x390.jpg 768w, https:\/\/www.infinityrp.com\/wp-content\/uploads\/2023\/08\/shutterstock_1762566149-2-1536x780.jpg 1536w\" sizes=\"(max-width: 1800px) 100vw, 1800px\" \/>\n        <\/div>\n    <\/div>\n   \n<\/section>\n\n\n\n\n\n<section data-name=\"splitblockimgrightnomobileimg1920464384\" class=\"block split-block img-right no-mobile-img    \"  style=\" ;padding-bottom: 160px; \">    <div class=\"container-md\">\n\n        <div class=\"row\">\n                            <div class=\"col-md-5 text-block inner-block\">\n                    <div class=\"content-group\">\n                        <h3>IL NOSTRO IMPEGNO<\/h3>\n<p>Ci impegniamo a ricercare costantemente miglioramenti concreti che possano avere un impatto sociale e ambientale positivo sul nostro pianeta e sulle vite dei lavoratori in tutto il mondo.<\/p>\n<p>La nostra missione in materia di sostenibilit\u00e0 si basa su tre pilastri: pianeta, persone e partnership. Le nostre iniziative che abbracciano tutte e tre le categorie dimostrano quanto siamo fermamente convinti dell\u2019importanza di ogni gesto.<\/p>\n                    <\/div>\n                <\/div>\n                                        <div class=\"col-md-7 img-block inner-block\">\n                    <img decoding=\"async\" src=\"https:\/\/www.infinityrp.com\/wp-content\/uploads\/2022\/04\/optimized_shutterstock_245284360-scaled-e1649111766135.jpg\" alt=\"\" \/>\n                <\/div>\n                    <\/div>\n    <\/div>\n<\/section>\n\n\n\n\n<section data-name=\"fullwidthnavigableblock470542556\" class=\"block full-width-navigable-block   background-teal \"  style=\" \"><div class=\"container-md block-heading-container\">\n      <div class=\"row\">\n        <div class=\"col-md-12\"><h3>OGNI SFORZO CONTA<\/h3>\n<\/div>\n      <\/div>\n    <\/div>\n<div class=\"container-md\">\n    <div class=\"row\">\n        <!-- <div class=\"col-md-1\"><\/div> -->\n        <div class=\"col-md-12 full-width-navigable-block__navigation \">\n            \n            <a tabindex=\"0\" class=\"navigation-item offset-fadeInUp\" data-target=\"pianeta\">\n                Pianeta            <\/a>\n            <span class=\"separator\">+<\/span>\n\n            \n            <a tabindex=\"0\" class=\"navigation-item offset-fadeInUp\" data-target=\"persone\">\n                Persone            <\/a>\n            <span class=\"separator\">+<\/span>\n\n            \n            <a tabindex=\"0\" class=\"navigation-item offset-fadeInUp\" data-target=\"partnership\">\n                Partnership            <\/a>\n            <span class=\"separator\">+<\/span>\n\n                    <\/div>\n    <\/div>\n<\/div>\n<div class=\"container-md\">\n    <div class=\"row\">\n        <!-- <div class=\"col-md-1\"><\/div> -->\n\n        <div class=\"col-md-12 fadeInUp\">\n                        <div class=\"full-width-navigable-block__content collapse\" id=\"pianeta\">\n                <div class=\"full-width-navigable-block__content__intro\"><h4>Un pianeta in salute \u00e8 di vitale importanza per il nostro futuro. \u00c8 per questo che ci impegniamo attivamente per ridurre il nostro consumo energetico e idrico e le nostre emissioni in modo da minimizzare il nostro impatto.<\/h4>\n<\/div>                <div class=\"full-width-navigable-block__content__body\"><p><b>Efficienza Operativa<\/b>: Ci impegniamo a ridurre il consumo energetico e la carbon footprint di tutti i nostri uffici, nonch\u00e9 di produttori, imprese di trasporti e magazzini.<\/p>\n<p><b>Scelte Responsabili<\/b>: Ricerchiamo e proponiamo materie prime a ridotto impatto ambientale, certificate secondo standard chiave e capaci di sostenere l\u2019economia circolare.<\/p>\n<p><b>Trasporti Attenti al Clima<\/b>: Investiamo nella tecnologia e diamo priorit\u00e0 a una pianificazione accurata che rafforza e semplifica le consegne, riducendo le emissioni di gas serra e rendendo il trasporto pi\u00f9 efficiente e sicuro.<\/p>\n<p><b>Materiali da Imballaggio Sostenibili<\/b>: Puntiamo a ridurre la quantit\u00e0 di imballaggio utilizzato nelle spedizioni concentrandoci su soluzioni di design del prodotto efficienti, eliminando la plastica monouso e incrementando l\u2019impiego di materiale riciclato.<\/p>\n<p><b>Innovazione Nella Progettazione<\/b>: La progettazione ingegneristica dei prodotti e l\u2019utilizzo di tecnologie digitali 3D consentono di raggiungere il risultato desiderato pi\u00f9 velocemente, ridurre la quantit\u00e0 di materiale utilizzato e migliorare le emissioni di anidride carbonica riducendo l\u2019invio di campioni e prodotti.<\/p>\n<\/div>            <\/div>\n                        <div class=\"full-width-navigable-block__content collapse\" id=\"persone\">\n                <div class=\"full-width-navigable-block__content__intro\"><h4>I membri del nostro staff che operano in tutto il mondo sono la nostra risorsa pi\u00f9 preziosa. Ci dedichiamo con passione alla creazione di un ambiente lavorativo che sia sicuro, equo e inclusivo.<\/h4>\n<\/div>                <div class=\"full-width-navigable-block__content__body\"><p><b>Community Leadership:<\/b> Investiamo in organizzazioni no-profit e partecipiamo a iniziative di volontariato locale per offrire sostegno alle famiglie, creare spazi di lavoro sicuri e migliorare l\u2019accesso all\u2019istruzione.<\/p>\n<p><b>Risorse Umane<\/b><b>e diversit\u00e0<\/b>: Diamo importanza e rispettiamo l\u2019autenticit\u00e0, la creativit\u00e0 e l\u2019espressione di s\u00e9 dei nostri dipendenti per un ambiente di lavoro diversificato e paritario.<\/p>\n<p><b>Focus del Nostro Team Direttivo<\/b>: Coinvolgiamo i nostri dipendenti, fornitori ed esperti del settore su tematiche quali soluzioni di approvvigionamento efficienti, diritti umani e catena di fornitura sostenibile, al fine di garantire un progresso in tali aree.<\/p>\n<p><b>Condizioni di Lavoro Eque e uno Spazio di Lavoro Sicuro<\/b>: Valutiamo le prestazioni dei nostri fornitori per garantirne la conformit\u00e0 al nostro codice di condotta.<\/p>\n<\/div>            <\/div>\n                        <div class=\"full-width-navigable-block__content collapse\" id=\"partnership\">\n                <div class=\"full-width-navigable-block__content__intro\"><h4>Siamo orgogliosi di poter collaborare con aziende che condividono la nostra visione sociale e ambientale e operano in modo etico, responsabile e volto alla creazione di un futuro migliore.<\/h4>\n<\/div>                <div class=\"full-width-navigable-block__content__body\"><p><b>Coinvolgimento di Nuovi Produttori<\/b>: Ci impegniamo a migliorare l\u2019onboarding dei produttori attraverso un processo consolidato di validazione e qualificazione che sostiene gli obiettivi ESG dei nostri clienti riducendo inoltre tempistiche, costi e rischi.<\/p>\n<p><b>Approvvigionamento Sostenibile<\/b>: Puntiamo a tutelare e massimizzare i benefici per il pianeta, le persone e i ricavi attraverso la selezione e la gestione di produttori preesistenti e nuovi. Diamo molta importanza al rispetto delle risorse fondamentali e ci adoperiamo per aumentare le entrate evitando gli sprechi.<\/p>\n<p><b>Trasparenza dei Prodotti<\/b>: Tracciamo le materie prime presenti in tutti i prodotti. Monitoriamo tutte le fasi operative dei nostri produttori, a partire dall\u2019origine delle materie prime.<\/p>\n<p><b>Monitoraggio Della Conformit\u00e0<\/b>: I nostri affidabili protocolli di prova e audit esigono livelli elevatissimi di trasparenza e conformit\u00e0 al fine di rispettare gli standard sociali e ambientali.<\/p>\n<p><b>Standard di Certificazione<\/b>: I nostri partner di produzione possiedono importanti certificazioni ambientali e sociali, tra cui SA8000, ISO 14001, FSC, GOTS, GRS e OEKO-TEX. Siamo in grado di offrire il livello di compatibilit\u00e0 pi\u00f9 adatto al raggiungimento dei tuoi obiettivi ESG. Siamo in grado di offrire il livello di compatibilit\u00e0 pi\u00f9 adatto al raggiungimento dei tuoi obiettivi ESG.<\/p>\n<\/div>            <\/div>\n                    <\/div>\n\n    <\/div>\n\n\n<\/div>\n<\/section>\n\n\n<div style=\"height:80px\" aria-hidden=\"true\" class=\"wp-block-spacer\"><\/div>\n\n\n\n<h3 class=\"wp-block-heading pb-2\" id=\"our-certifications-and-sustainable-rating\">Certificazioni e Rating di Sostenibilit\u00e0<\/h3>\n\n\n\n<p id=\"putting-social-responsibility-and-respect-for-the-environment-at-the-forefront-of-our-core-values-we-strive-to-exceed-the-industry-standards-and-adopt-more-sustainable-practices-and-better-eco-efficiencies\">La responsabilit\u00e0 sociale e il rispetto per l\u2019ambiente rappresentano i nostri valori prioritari e, per questo, ci impegniamo a raggiungere e superare gli standard del settore e adottare pratiche pi\u00f9 sostenibili ed eco-efficienze migliori.<\/p>\n\n\n\n<div style=\"height:40px\" aria-hidden=\"true\" class=\"wp-block-spacer\"><\/div>\n\n\n\n<figure class=\"wp-block-gallery has-nested-images columns-default sustainability-logos wp-block-gallery-1 is-layout-flex wp-block-gallery-is-layout-flex\">\n<figure class=\"wp-block-image size-large\"><img decoding=\"async\" width=\"292\" height=\"164\" data-id=\"635\" src=\"https:\/\/www.infinityrp.com\/wp-content\/uploads\/2022\/03\/GRS_Color_with_IG_Control-1.png\" alt=\"\" class=\"wp-image-635\"\/><\/figure>\n\n\n\n<figure class=\"wp-block-image size-large shift-right\"><img decoding=\"async\" data-id=\"1563\" src=\"https:\/\/www.infinityrp.com\/wp-content\/uploads\/2022\/04\/IG_FSC_logo-42822.svg\" alt=\"\" class=\"wp-image-1563\"\/><\/figure>\n\n\n\n<figure class=\"wp-block-image size-full\"><img decoding=\"async\" width=\"782\" height=\"782\" data-id=\"2529\" src=\"https:\/\/www.infinityrp.com\/wp-content\/uploads\/2023\/12\/Ecovadis-Silver-2023.png\" alt=\"\" class=\"wp-image-2529\" srcset=\"https:\/\/www.infinityrp.com\/wp-content\/uploads\/2023\/12\/Ecovadis-Silver-2023.png 782w, https:\/\/www.infinityrp.com\/wp-content\/uploads\/2023\/12\/Ecovadis-Silver-2023-300x300.png 300w, https:\/\/www.infinityrp.com\/wp-content\/uploads\/2023\/12\/Ecovadis-Silver-2023-150x150.png 150w, https:\/\/www.infinityrp.com\/wp-content\/uploads\/2023\/12\/Ecovadis-Silver-2023-768x768.png 768w\" sizes=\"(max-width: 782px) 100vw, 782px\" \/><\/figure>\n<\/figure>\n","protected":false},"excerpt":{"rendered":"<p>Sostenibilit\u00e0 in Ogni Fase del Processo Certificazioni e Rating di Sostenibilit\u00e0 La responsabilit\u00e0 sociale e il rispetto per l\u2019ambiente rappresentano i nostri valori prioritari e, per questo, ci impegniamo a raggiungere e superare gli standard del settore e adottare pratiche pi\u00f9 sostenibili ed eco-efficienze migliori.<\/p>\n","protected":false},"author":1,"featured_media":955,"parent":0,"menu_order":0,"comment_status":"closed","ping_status":"closed","template":"","meta":{"_acf_changed":false,"footnotes":""},"class_list":["post-1263","page","type-page","status-publish","has-post-thumbnail"],"acf":[],"yoast_head":"<!-- This site is optimized with the Yoast SEO plugin v25.9 - https:\/\/yoast.com\/wordpress\/plugins\/seo\/ -->\n<title>Sostenibilit\u00e0 | Infinity Global<\/title>\n<meta name=\"description\" content=\"Avere un impatto sociale e ambientale positivo in ogni fase delle operazioni.\" \/>\n<meta name=\"robots\" content=\"index, follow, max-snippet:-1, max-image-preview:large, max-video-preview:-1\" \/>\n<link rel=\"canonical\" href=\"https:\/\/www.infinityrp.com\/it\/sostenibilita\/\" \/>\n<meta property=\"og:locale\" content=\"it_IT\" \/>\n<meta property=\"og:type\" content=\"article\" \/>\n<meta property=\"og:title\" content=\"Sostenibilit\u00e0 | Infinity Global\" \/>\n<meta property=\"og:description\" content=\"Avere un impatto sociale e ambientale positivo in ogni fase delle operazioni.\" \/>\n<meta property=\"og:url\" content=\"https:\/\/www.infinityrp.com\/it\/sostenibilita\/\" \/>\n<meta property=\"og:site_name\" content=\"Infinity Global\" \/>\n<meta property=\"article:modified_time\" content=\"2023-12-11T21:50:06+00:00\" \/>\n<meta property=\"og:image\" content=\"https:\/\/www.infinityrp.com\/wp-content\/uploads\/2022\/04\/optimized_shutterstock_1762566149-scaled.jpg\" \/>\n\t<meta property=\"og:image:width\" content=\"2560\" \/>\n\t<meta property=\"og:image:height\" content=\"1299\" \/>\n\t<meta property=\"og:image:type\" content=\"image\/jpeg\" \/>\n<meta name=\"twitter:card\" content=\"summary_large_image\" \/>\n<meta name=\"twitter:label1\" content=\"Est. reading time\" \/>\n\t<meta name=\"twitter:data1\" content=\"1 minute\" \/>\n<script type=\"application\/ld+json\" class=\"yoast-schema-graph\">{\"@context\":\"https:\/\/schema.org\",\"@graph\":[{\"@type\":\"WebPage\",\"@id\":\"https:\/\/www.infinityrp.com\/it\/sostenibilita\/\",\"url\":\"https:\/\/www.infinityrp.com\/it\/sostenibilita\/\",\"name\":\"Sostenibilit\u00e0 | Infinity Global\",\"isPartOf\":{\"@id\":\"https:\/\/wwwnew.uat.infinityrp.com\/#website\"},\"primaryImageOfPage\":{\"@id\":\"https:\/\/www.infinityrp.com\/it\/sostenibilita\/#primaryimage\"},\"image\":{\"@id\":\"https:\/\/www.infinityrp.com\/it\/sostenibilita\/#primaryimage\"},\"thumbnailUrl\":\"https:\/\/www.infinityrp.com\/wp-content\/uploads\/2022\/04\/optimized_shutterstock_1762566149-scaled.jpg\",\"datePublished\":\"2022-03-10T21:54:03+00:00\",\"dateModified\":\"2023-12-11T21:50:06+00:00\",\"description\":\"Avere un impatto sociale e ambientale positivo in ogni fase delle operazioni.\",\"breadcrumb\":{\"@id\":\"https:\/\/www.infinityrp.com\/it\/sostenibilita\/#breadcrumb\"},\"inLanguage\":\"it-IT\",\"potentialAction\":[{\"@type\":\"ReadAction\",\"target\":[\"https:\/\/www.infinityrp.com\/it\/sostenibilita\/\"]}]},{\"@type\":\"ImageObject\",\"inLanguage\":\"it-IT\",\"@id\":\"https:\/\/www.infinityrp.com\/it\/sostenibilita\/#primaryimage\",\"url\":\"https:\/\/www.infinityrp.com\/wp-content\/uploads\/2022\/04\/optimized_shutterstock_1762566149-scaled.jpg\",\"contentUrl\":\"https:\/\/www.infinityrp.com\/wp-content\/uploads\/2022\/04\/optimized_shutterstock_1762566149-scaled.jpg\",\"width\":2560,\"height\":1299,\"caption\":\"Summer scenery of mountain lake Lacul Rosu (Red Lake or Killer Lake). Popular travel destination and place for active rest and adventures in Eastern Carpathians. Harghita County, Romania\"},{\"@type\":\"BreadcrumbList\",\"@id\":\"https:\/\/www.infinityrp.com\/it\/sostenibilita\/#breadcrumb\",\"itemListElement\":[{\"@type\":\"ListItem\",\"position\":1,\"name\":\"Home\",\"item\":\"https:\/\/wwwnew.uat.infinityrp.com\/it\/\"},{\"@type\":\"ListItem\",\"position\":2,\"name\":\"Sostenibilit\u00e0\"}]},{\"@type\":\"WebSite\",\"@id\":\"https:\/\/wwwnew.uat.infinityrp.com\/#website\",\"url\":\"https:\/\/wwwnew.uat.infinityrp.com\/\",\"name\":\"Infinity Global\",\"description\":\"Innovative and sustainable solutions for the world\u2019s most iconic brands.\",\"publisher\":{\"@id\":\"https:\/\/wwwnew.uat.infinityrp.com\/#organization\"},\"potentialAction\":[{\"@type\":\"SearchAction\",\"target\":{\"@type\":\"EntryPoint\",\"urlTemplate\":\"https:\/\/wwwnew.uat.infinityrp.com\/?s={search_term_string}\"},\"query-input\":{\"@type\":\"PropertyValueSpecification\",\"valueRequired\":true,\"valueName\":\"search_term_string\"}}],\"inLanguage\":\"it-IT\"},{\"@type\":\"Organization\",\"@id\":\"https:\/\/wwwnew.uat.infinityrp.com\/#organization\",\"name\":\"Infinity Global\",\"url\":\"https:\/\/wwwnew.uat.infinityrp.com\/\",\"logo\":{\"@type\":\"ImageObject\",\"inLanguage\":\"it-IT\",\"@id\":\"https:\/\/wwwnew.uat.infinityrp.com\/#\/schema\/logo\/image\/\",\"url\":\"https:\/\/www.infinityrp.com\/wp-content\/uploads\/2022\/02\/header-logo.svg\",\"contentUrl\":\"https:\/\/www.infinityrp.com\/wp-content\/uploads\/2022\/02\/header-logo.svg\",\"width\":172,\"height\":47,\"caption\":\"Infinity Global\"},\"image\":{\"@id\":\"https:\/\/wwwnew.uat.infinityrp.com\/#\/schema\/logo\/image\/\"}}]}<\/script>\n<!-- \/ Yoast SEO plugin. -->","yoast_head_json":{"title":"Sostenibilit\u00e0 | Infinity Global","description":"Avere un impatto sociale e ambientale positivo in ogni fase delle operazioni.","robots":{"index":"index","follow":"follow","max-snippet":"max-snippet:-1","max-image-preview":"max-image-preview:large","max-video-preview":"max-video-preview:-1"},"canonical":"https:\/\/www.infinityrp.com\/it\/sostenibilita\/","og_locale":"it_IT","og_type":"article","og_title":"Sostenibilit\u00e0 | Infinity Global","og_description":"Avere un impatto sociale e ambientale positivo in ogni fase delle operazioni.","og_url":"https:\/\/www.infinityrp.com\/it\/sostenibilita\/","og_site_name":"Infinity Global","article_modified_time":"2023-12-11T21:50:06+00:00","og_image":[{"width":2560,"height":1299,"url":"https:\/\/www.infinityrp.com\/wp-content\/uploads\/2022\/04\/optimized_shutterstock_1762566149-scaled.jpg","type":"image\/jpeg"}],"twitter_card":"summary_large_image","twitter_misc":{"Est. reading time":"1 minute"},"schema":{"@context":"https:\/\/schema.org","@graph":[{"@type":"WebPage","@id":"https:\/\/www.infinityrp.com\/it\/sostenibilita\/","url":"https:\/\/www.infinityrp.com\/it\/sostenibilita\/","name":"Sostenibilit\u00e0 | Infinity Global","isPartOf":{"@id":"https:\/\/wwwnew.uat.infinityrp.com\/#website"},"primaryImageOfPage":{"@id":"https:\/\/www.infinityrp.com\/it\/sostenibilita\/#primaryimage"},"image":{"@id":"https:\/\/www.infinityrp.com\/it\/sostenibilita\/#primaryimage"},"thumbnailUrl":"https:\/\/www.infinityrp.com\/wp-content\/uploads\/2022\/04\/optimized_shutterstock_1762566149-scaled.jpg","datePublished":"2022-03-10T21:54:03+00:00","dateModified":"2023-12-11T21:50:06+00:00","description":"Avere un impatto sociale e ambientale positivo in ogni fase delle operazioni.","breadcrumb":{"@id":"https:\/\/www.infinityrp.com\/it\/sostenibilita\/#breadcrumb"},"inLanguage":"it-IT","potentialAction":[{"@type":"ReadAction","target":["https:\/\/www.infinityrp.com\/it\/sostenibilita\/"]}]},{"@type":"ImageObject","inLanguage":"it-IT","@id":"https:\/\/www.infinityrp.com\/it\/sostenibilita\/#primaryimage","url":"https:\/\/www.infinityrp.com\/wp-content\/uploads\/2022\/04\/optimized_shutterstock_1762566149-scaled.jpg","contentUrl":"https:\/\/www.infinityrp.com\/wp-content\/uploads\/2022\/04\/optimized_shutterstock_1762566149-scaled.jpg","width":2560,"height":1299,"caption":"Summer scenery of mountain lake Lacul Rosu (Red Lake or Killer Lake). Popular travel destination and place for active rest and adventures in Eastern Carpathians. Harghita County, Romania"},{"@type":"BreadcrumbList","@id":"https:\/\/www.infinityrp.com\/it\/sostenibilita\/#breadcrumb","itemListElement":[{"@type":"ListItem","position":1,"name":"Home","item":"https:\/\/wwwnew.uat.infinityrp.com\/it\/"},{"@type":"ListItem","position":2,"name":"Sostenibilit\u00e0"}]},{"@type":"WebSite","@id":"https:\/\/wwwnew.uat.infinityrp.com\/#website","url":"https:\/\/wwwnew.uat.infinityrp.com\/","name":"Infinity Global","description":"Innovative and sustainable solutions for the world\u2019s most iconic brands.","publisher":{"@id":"https:\/\/wwwnew.uat.infinityrp.com\/#organization"},"potentialAction":[{"@type":"SearchAction","target":{"@type":"EntryPoint","urlTemplate":"https:\/\/wwwnew.uat.infinityrp.com\/?s={search_term_string}"},"query-input":{"@type":"PropertyValueSpecification","valueRequired":true,"valueName":"search_term_string"}}],"inLanguage":"it-IT"},{"@type":"Organization","@id":"https:\/\/wwwnew.uat.infinityrp.com\/#organization","name":"Infinity Global","url":"https:\/\/wwwnew.uat.infinityrp.com\/","logo":{"@type":"ImageObject","inLanguage":"it-IT","@id":"https:\/\/wwwnew.uat.infinityrp.com\/#\/schema\/logo\/image\/","url":"https:\/\/www.infinityrp.com\/wp-content\/uploads\/2022\/02\/header-logo.svg","contentUrl":"https:\/\/www.infinityrp.com\/wp-content\/uploads\/2022\/02\/header-logo.svg","width":172,"height":47,"caption":"Infinity Global"},"image":{"@id":"https:\/\/wwwnew.uat.infinityrp.com\/#\/schema\/logo\/image\/"}}]}},"_links":{"self":[{"href":"https:\/\/www.infinityrp.com\/it\/wp-json\/wp\/v2\/pages\/1263","targetHints":{"allow":["GET"]}}],"collection":[{"href":"https:\/\/www.infinityrp.com\/it\/wp-json\/wp\/v2\/pages"}],"about":[{"href":"https:\/\/www.infinityrp.com\/it\/wp-json\/wp\/v2\/types\/page"}],"author":[{"embeddable":true,"href":"https:\/\/www.infinityrp.com\/it\/wp-json\/wp\/v2\/users\/1"}],"replies":[{"embeddable":true,"href":"https:\/\/www.infinityrp.com\/it\/wp-json\/wp\/v2\/comments?post=1263"}],"version-history":[{"count":21,"href":"https:\/\/www.infinityrp.com\/it\/wp-json\/wp\/v2\/pages\/1263\/revisions"}],"predecessor-version":[{"id":2532,"href":"https:\/\/www.infinityrp.com\/it\/wp-json\/wp\/v2\/pages\/1263\/revisions\/2532"}],"wp:featuredmedia":[{"embeddable":true,"href":"https:\/\/www.infinityrp.com\/it\/wp-json\/wp\/v2\/media\/955"}],"wp:attachment":[{"href":"https:\/\/www.infinityrp.com\/it\/wp-json\/wp\/v2\/media?parent=1263"}],"curies":[{"name":"wp","href":"https:\/\/api.w.org\/{rel}","templated":true}]}}