{"id":1935,"date":"2022-02-03T00:20:15","date_gmt":"2022-02-03T00:20:15","guid":{"rendered":"https:\/\/infinityglobal.eclipse-dev.com\/a-propos-de-nous\/"},"modified":"2025-01-28T18:19:40","modified_gmt":"2025-01-28T18:19:40","slug":"nos-atouts","status":"publish","type":"page","link":"https:\/\/www.infinityrp.com\/fr\/nos-atouts\/","title":{"rendered":"Nos Atouts"},"content":{"rendered":"\n<h1 class=\"wp-block-heading\">Le Partenaire Exclusif des Marques de Luxe les Plus Prestigieuses<\/h1>\n\n\n\n\n<section data-name=\"imagelinks1059407646\" class=\"block image-links  accent-white  \"  style=\" \">\n<div class=\"container-md\">\n    <div class=\"row\">\n                <div\n            class=\"col-md-12 links-container position-text-centered \">\n                                                <div style=\"padding-top:16.666666666667%; \n                                    padding-bottom:16.666666666667%; \n                                    background-image:url(https:\/\/www.infinityrp.com\/wp-content\/uploads\/2022\/03\/Group-33-copy.png);\"\n                        class=\" offset-fadeInUp col-natural bg-cover link-block color-white \">\n                        <h3>Savoir-faire<\/h3>\n                    <\/div>\n                                <div style=\"padding-top:16.666666666667%; \n                                    padding-bottom:16.666666666667%; \n                                    background-image:url(https:\/\/www.infinityrp.com\/wp-content\/uploads\/2022\/04\/optimized_02_diortube_00359_rt_v3-scaled.jpg);\"\n                        class=\" offset-fadeInUp col-natural bg-cover link-block color-white \">\n                        <h3>Innovation<\/h3>\n                    <\/div>\n                                <div style=\"padding-top:16.666666666667%; \n                                    padding-bottom:16.666666666667%; \n                                    background-image:url(https:\/\/www.infinityrp.com\/wp-content\/uploads\/2022\/04\/optimized_shutterstock_1495175648-scaled.jpg);\"\n                        class=\" offset-fadeInUp col-natural bg-cover link-block color-white \">\n                        <h3>Collaboration<\/h3>\n                    <\/div>\n            \n                    <\/div>\n    <\/div>\n<\/div>\n<\/section>\n\n\n<h3 class=\"wp-block-heading\">Notre vision<\/h3>\n\n\n\n<div style=\"height:40px\" aria-hidden=\"true\" class=\"wp-block-spacer\"><\/div>\n\n\n\n<p class=\"h2\">Avec une approche globale de la conception \u00e0 la livraison, Infinity Global s\u2019est forg\u00e9 une image d\u2019int\u00e9grit\u00e9, de fiabilit\u00e9 et d\u2019excellence devenant le partenaire privil\u00e9gi\u00e9 des plus grandes Maisons du luxe.<\/p>\n\n\n\n\n\n\n<section data-name=\"paddedcontent620458377\" class=\"block padded-content    \"  style=\" \">\n\n    <div class=\"container-md \">\n        <div class=\"row border-left\">\n            <div class=\"col-md-1 \"><\/div>\n                            <div class=\"inner-content col-md-10 fadeInUp\">\n                    <p class=\"p1\">Apr\u00e8s 25 ans au sein d\u2019une entreprise internationale, Ron Palmer fonde Infinity Global en 2005. Il r\u00e9pond aux besoins des Maisons de luxe en concevant pour elles un service global et sur mesure. Son ambition est de cr\u00e9er et de proposer les meilleures solutions pour devenir une v\u00e9ritable extension de ses clients.<\/p>\n<p class=\"p1\">Nous sommes fiers d\u2019\u00eatre le partenaire exclusif des grandes Maisons. Nous leur offrons des solutions innovantes, durables et sur-mesure, depuis la conception du produit et sa fabrication jusqu\u2019\u00e0 la gestion de ses donn\u00e9es et sa distribution.<span class=\"Apple-converted-space\">\u00a0<\/span><\/p>\n<p class=\"p1\">Pour chaque projet, nous travaillons main dans la main avec nos clients, pour comprendre et anticiper leurs attentes. Nous d\u00e9veloppons des strat\u00e9gies sur-mesure qui nous permettent d\u2019agir avec agilit\u00e9 face aux d\u00e9fis et aux contraintes d\u2019un monde en pleine \u00e9volution.<span class=\"Apple-converted-space\">\u00a0<\/span><\/p>\n<p class=\"p1\">A chaque \u00e9tape de votre projet, Infinity Global propose une strat\u00e9gie adapt\u00e9e \u00e0 vos besoins.<\/p>\n                <\/div>\n                        <div class=\"col-md-1\"><\/div>\n\n        <\/div>\n    <\/div>\n\n\n<\/section>\n\n\n\n\n<section data-name=\"contentgrid838731635\" class=\"block content-grid   background-silver \"  style=\" \"><div class=\"container-md block-heading-container\">\n      <div class=\"row\">\n        <div class=\"col-md-12\"><h3>Nos valeurs<\/h3>\n<\/div>\n      <\/div>\n    <\/div>    <div class=\"container-md\">\n\n        <div class=\"row\">\n                            <div class=\"col-md-6 title-block \">\n                        <h2>Adopter une Posture Int\u00e8gre, d\u2019Excellence et Cr\u00e9ative<\/h2>\n                <\/div>\n                                        <div class=\"col-md-6 content-block \" data-order=\"3\">\n                    <div class=\"content-block__inner\">\n                        <h4>Responsabilit\u00e9<\/h4>\n<p>Prendre ses responsabilit\u00e9s, faire preuve d\u2019initiative et rechercher sans cesse la performance.<\/p>\n                    <\/div>\n                <\/div>\n                            <div class=\"col-md-6 content-block \" data-order=\"1\">\n                    <div class=\"content-block__inner\">\n                        <h4>Faire la Diff\u00e9rence<\/h4>\n<p>Agir avec bienveillance et faire la diff\u00e9rence dans la vie de chacun<\/p>\n                    <\/div>\n                <\/div>\n                            <div class=\"col-md-6 content-block \" data-order=\"4\">\n                    <div class=\"content-block__inner\">\n                        <h4>Inspirer<\/h4>\n<p>\u00catre une source d\u2019inspiration pour la progression et l\u2019accomplissement de chacun, en m\u00ealant travail et plaisir.<\/p>\n                    <\/div>\n                <\/div>\n                            <div class=\"col-md-6 content-block \" data-order=\"2\">\n                    <div class=\"content-block__inner\">\n                        <h4>Excellence<\/h4>\n<p>Rechercher l\u2019excellence avec passion jusqu\u2019\u00e0 la qualit\u00e9 absolue.<\/p>\n                    <\/div>\n                <\/div>\n                            <div class=\"col-md-6 content-block \" data-order=\"5\">\n                    <div class=\"content-block__inner\">\n                        <h4>Confiance<\/h4>\n<p>Cr\u00e9er une relation de confiance et contribuer \u00e0 cr\u00e9er un environnement ouvert, solidaire et sinc\u00e8re.<\/p>\n                    <\/div>\n                <\/div>\n                    <\/div>\n    <\/div>\n<\/section>\n\n\n\n<section data-name=\"imagelinks686178154\" class=\"block image-links   background-silver \"  style=\" ;padding-top: 0; \"><div class=\"container-md block-heading-container\">\n      <div class=\"row\">\n        <div class=\"col-md-12\"><h3>DONNER EN RETOUR<\/h3>\n<\/div>\n      <\/div>\n    <\/div>\n<div class=\"container-md\">\n    <div class=\"row\">\n                    <div class=\"col-md-12 intro-block fadeInUp\">\n                <p><span class=\"h2\">Donner de l\u2019Espoir aux Familles et aux G\u00e9n\u00e9rations Futures<\/span><\/p>\n<p>Nous soutenons des organismes \u00e0 but non lucratif et de nombreuses initiatives locales pour<br \/>\nsubvenir aux besoins des familles. Pour elles, nous cr\u00e9ons des environnements de travail s\u00fbrs et facilitons leur acc\u00e8s \u00e0 l\u2019\u00e9ducation.<\/p>\n            <\/div>\n                <div\n            class=\"col-md-12 links-container position-text- \">\n                                        <a class=\"offset-fadeInUp col-natural text-only-link link-block color- \"\n                href=\"https:\/\/www.unicef.org\/\" target=\"_blank\">\n                <h4>UNICEF<\/h3>\n            <\/a>\n                        <a class=\"offset-fadeInUp col-natural text-only-link link-block color- \"\n                href=\"https:\/\/www.parley.tv\/#fortheoceans\" target=\"_blank\">\n                <h4>Parley<\/h3>\n            <\/a>\n                        <a class=\"offset-fadeInUp col-natural text-only-link link-block color- \"\n                href=\"https:\/\/www.wfp.org\/\" target=\"_blank\">\n                <h4>WFP<\/h3>\n            <\/a>\n                        <a class=\"offset-fadeInUp col-natural text-only-link link-block color- \"\n                href=\"https:\/\/www.charitywater.org\/\" target=\"_blank\">\n                <h4>charity: water<\/h3>\n            <\/a>\n            \n\n\n\n                    <\/div>\n    <\/div>\n<\/div>\n<\/section>\n\n\n\n\n\n<section data-name=\"splitblockimgright1085113418\" class=\"block split-block img-right     \" id=\"carri\u00e8res\" style=\" \">    <div class=\"container-md\">\n\n        <div class=\"row\">\n                            <div class=\"col-md-5 text-block inner-block\">\n                    <div class=\"content-group\">\n                        <h3>Carri\u00e8res<\/h3>\n<h2>Rejoignez-nous<\/h2>\n<p>Nous formons une \u00e9quipe cr\u00e9ative, motiv\u00e9e par l\u2019innovation et la performance. \u00c0 la fois<br \/>\naudacieuse et cr\u00e9ative, entreprenante et pragmatique, unie par un esprit aussi solidaire que multiculturel. Nous sommes engag\u00e9s \u00e0 d\u00e9velopper le talent et les perspectives d\u2019\u00e9volution<br \/>\nde tous, dans une culture d\u2019entreprise o\u00f9 chacun est valoris\u00e9.<\/p>\n<h4><a href='https:\/\/infinityglobal.careers.hibob.com' target=\"_blank\" rel=\"noreferrer noopener\">Offres d&#8217;employ<\/a><\/h4>\n                    <\/div>\n                <\/div>\n                                        <div class=\"col-md-7 img-block inner-block\">\n                    <img decoding=\"async\" src=\"https:\/\/www.infinityrp.com\/wp-content\/uploads\/2022\/04\/optimized_gettyimages-1276859694-scaled.jpg\" alt=\"\" \/>\n                <\/div>\n                    <\/div>\n    <\/div>\n<\/section>\n\n\n\n\n<section data-name=\"pullquote616590314\" class=\"block pullquote    \"  style=\" ;padding-bottom: 0; \">\n    <div class=\"container-md\">\n        <div class=\"row\">\n           <div class=\"col-md-12 pullquote-inner fadeInUp\">\n               <img decoding=\"async\" class=\"pullquote-icon\" style=\"max-width:100px\" src=\"\/wp-content\/themes\/ems-infinityglobal\/assets\/quote.svg\">\n               <div class=\"quote-slides\">\n                                             <div class=\"slide pullquote-content accented\">Infinity Global s\u2019engage \u00e0 construire la carri\u00e8re professionnelle de chacun. Chez Infinity Global, j&#8217;ai pu gagner en responsabilit\u00e9s rapidement et mon engagement est vraiment reconnu et valoris\u00e9. Je suis fier de faire partie de cette \u00e9quipe exceptionnelle.<br>\r\n<span class=\"h3\">Delos | Achats | Danville, Virginie<\/span><\/div>\n                                             <div class=\"slide pullquote-content accented\">Gr\u00e2ce \u00e0 Infinity Global, j\u2019ai pu construire une carri\u00e8re et atteindre des objectifs que je pensais inaccessibles. Infinity Global se soucie v\u00e9ritablement de mon avenir et de ma r\u00e9ussite. \r\n<br>\r\n<span class=\"h3\">Morgan | D\u00e9veloppement Fournisseur | New York, New York<\/span><\/div>\n                                             <div class=\"slide pullquote-content accented\">Nous formons une \u00e9quipe talentueuse et passionn\u00e9e, venue des quatre coins du monde pour travailler ensemble. J\u2019ai l\u2019impression de d\u00e9marrer une grande aventure. Je suis heureux d\u2019avoir saisi cette opportunit\u00e9 au bon moment \r\n<br>\r\n<span class=\"h3\">Claire | D\u00e9veloppement Commercial | Paris, France<\/span><\/div>\n                                             <div class=\"slide pullquote-content accented\">Ici chacun peut apporter sa pierre \u00e0 l\u2019\u00e9difice. Infinity Global vous encourage \u00e0 trouver votre propre valeur.\r\n<br>\r\n<span class=\"h3\">Richard | Qualit\u00e9 et Sourcing | Kunshan City, China <\/span><\/div>\n                                     <\/div>\n               <!-- <img decoding=\"async\" class=\"pullquote-icon\" style=\"max-width:100px\" src=\"\/wp-content\/themes\/ems-infinityglobal\/assets\/quote.svg\"> -->\n\n           <\/div>\n        <\/div>\n    <\/div>\n\n\n<\/section>","protected":false},"excerpt":{"rendered":"<p>Le Partenaire Exclusif des Marques de Luxe les Plus Prestigieuses Notre vision Avec une approche globale de la conception \u00e0 la livraison, Infinity Global s\u2019est forg\u00e9 une image d\u2019int\u00e9grit\u00e9, de fiabilit\u00e9 et d\u2019excellence devenant le partenaire privil\u00e9gi\u00e9 des plus grandes Maisons du luxe.<\/p>\n","protected":false},"author":1,"featured_media":0,"parent":0,"menu_order":0,"comment_status":"closed","ping_status":"closed","template":"","meta":{"_acf_changed":false,"footnotes":""},"class_list":["post-1935","page","type-page","status-publish"],"acf":[],"yoast_head":"<!-- This site is optimized with the Yoast SEO plugin v25.9 - https:\/\/yoast.com\/wordpress\/plugins\/seo\/ -->\n<title>Nos Atouts | Infinity Global<\/title>\n<meta name=\"description\" content=\"Un partenaire de confiance pour les plus grandes Marques de luxe.\" \/>\n<meta name=\"robots\" content=\"index, follow, max-snippet:-1, max-image-preview:large, max-video-preview:-1\" \/>\n<link rel=\"canonical\" href=\"https:\/\/www.infinityrp.com\/fr\/nos-atouts\/\" \/>\n<meta property=\"og:locale\" content=\"fr_FR\" \/>\n<meta property=\"og:type\" content=\"article\" \/>\n<meta property=\"og:title\" content=\"Nos Atouts | Infinity Global\" \/>\n<meta property=\"og:description\" content=\"Un partenaire de confiance pour les plus grandes Marques de luxe.\" \/>\n<meta property=\"og:url\" content=\"https:\/\/www.infinityrp.com\/fr\/nos-atouts\/\" \/>\n<meta property=\"og:site_name\" content=\"Infinity Global\" \/>\n<meta property=\"article:modified_time\" content=\"2025-01-28T18:19:40+00:00\" \/>\n<meta name=\"twitter:card\" content=\"summary_large_image\" \/>\n<meta name=\"twitter:label1\" content=\"Est. reading time\" \/>\n\t<meta name=\"twitter:data1\" content=\"1 minute\" \/>\n<script type=\"application\/ld+json\" class=\"yoast-schema-graph\">{\"@context\":\"https:\/\/schema.org\",\"@graph\":[{\"@type\":\"WebPage\",\"@id\":\"https:\/\/www.infinityrp.com\/fr\/nos-atouts\/\",\"url\":\"https:\/\/www.infinityrp.com\/fr\/nos-atouts\/\",\"name\":\"Nos Atouts | Infinity Global\",\"isPartOf\":{\"@id\":\"https:\/\/wwwnew.uat.infinityrp.com\/#website\"},\"datePublished\":\"2022-02-03T00:20:15+00:00\",\"dateModified\":\"2025-01-28T18:19:40+00:00\",\"description\":\"Un partenaire de confiance pour les plus grandes Marques de luxe.\",\"breadcrumb\":{\"@id\":\"https:\/\/www.infinityrp.com\/fr\/nos-atouts\/#breadcrumb\"},\"inLanguage\":\"fr-FR\",\"potentialAction\":[{\"@type\":\"ReadAction\",\"target\":[\"https:\/\/www.infinityrp.com\/fr\/nos-atouts\/\"]}]},{\"@type\":\"BreadcrumbList\",\"@id\":\"https:\/\/www.infinityrp.com\/fr\/nos-atouts\/#breadcrumb\",\"itemListElement\":[{\"@type\":\"ListItem\",\"position\":1,\"name\":\"Home\",\"item\":\"https:\/\/wwwnew.uat.infinityrp.com\/fr\/\"},{\"@type\":\"ListItem\",\"position\":2,\"name\":\"Nos Atouts\"}]},{\"@type\":\"WebSite\",\"@id\":\"https:\/\/wwwnew.uat.infinityrp.com\/#website\",\"url\":\"https:\/\/wwwnew.uat.infinityrp.com\/\",\"name\":\"Infinity Global\",\"description\":\"Innovative and sustainable solutions for the world\u2019s most iconic brands.\",\"publisher\":{\"@id\":\"https:\/\/wwwnew.uat.infinityrp.com\/#organization\"},\"potentialAction\":[{\"@type\":\"SearchAction\",\"target\":{\"@type\":\"EntryPoint\",\"urlTemplate\":\"https:\/\/wwwnew.uat.infinityrp.com\/?s={search_term_string}\"},\"query-input\":{\"@type\":\"PropertyValueSpecification\",\"valueRequired\":true,\"valueName\":\"search_term_string\"}}],\"inLanguage\":\"fr-FR\"},{\"@type\":\"Organization\",\"@id\":\"https:\/\/wwwnew.uat.infinityrp.com\/#organization\",\"name\":\"Infinity Global\",\"url\":\"https:\/\/wwwnew.uat.infinityrp.com\/\",\"logo\":{\"@type\":\"ImageObject\",\"inLanguage\":\"fr-FR\",\"@id\":\"https:\/\/wwwnew.uat.infinityrp.com\/#\/schema\/logo\/image\/\",\"url\":\"https:\/\/www.infinityrp.com\/wp-content\/uploads\/2022\/02\/header-logo.svg\",\"contentUrl\":\"https:\/\/www.infinityrp.com\/wp-content\/uploads\/2022\/02\/header-logo.svg\",\"width\":172,\"height\":47,\"caption\":\"Infinity Global\"},\"image\":{\"@id\":\"https:\/\/wwwnew.uat.infinityrp.com\/#\/schema\/logo\/image\/\"}}]}<\/script>\n<!-- \/ Yoast SEO plugin. -->","yoast_head_json":{"title":"Nos Atouts | Infinity Global","description":"Un partenaire de confiance pour les plus grandes Marques de luxe.","robots":{"index":"index","follow":"follow","max-snippet":"max-snippet:-1","max-image-preview":"max-image-preview:large","max-video-preview":"max-video-preview:-1"},"canonical":"https:\/\/www.infinityrp.com\/fr\/nos-atouts\/","og_locale":"fr_FR","og_type":"article","og_title":"Nos Atouts | Infinity Global","og_description":"Un partenaire de confiance pour les plus grandes Marques de luxe.","og_url":"https:\/\/www.infinityrp.com\/fr\/nos-atouts\/","og_site_name":"Infinity Global","article_modified_time":"2025-01-28T18:19:40+00:00","twitter_card":"summary_large_image","twitter_misc":{"Est. reading time":"1 minute"},"schema":{"@context":"https:\/\/schema.org","@graph":[{"@type":"WebPage","@id":"https:\/\/www.infinityrp.com\/fr\/nos-atouts\/","url":"https:\/\/www.infinityrp.com\/fr\/nos-atouts\/","name":"Nos Atouts | Infinity Global","isPartOf":{"@id":"https:\/\/wwwnew.uat.infinityrp.com\/#website"},"datePublished":"2022-02-03T00:20:15+00:00","dateModified":"2025-01-28T18:19:40+00:00","description":"Un partenaire de confiance pour les plus grandes Marques de luxe.","breadcrumb":{"@id":"https:\/\/www.infinityrp.com\/fr\/nos-atouts\/#breadcrumb"},"inLanguage":"fr-FR","potentialAction":[{"@type":"ReadAction","target":["https:\/\/www.infinityrp.com\/fr\/nos-atouts\/"]}]},{"@type":"BreadcrumbList","@id":"https:\/\/www.infinityrp.com\/fr\/nos-atouts\/#breadcrumb","itemListElement":[{"@type":"ListItem","position":1,"name":"Home","item":"https:\/\/wwwnew.uat.infinityrp.com\/fr\/"},{"@type":"ListItem","position":2,"name":"Nos Atouts"}]},{"@type":"WebSite","@id":"https:\/\/wwwnew.uat.infinityrp.com\/#website","url":"https:\/\/wwwnew.uat.infinityrp.com\/","name":"Infinity Global","description":"Innovative and sustainable solutions for the world\u2019s most iconic brands.","publisher":{"@id":"https:\/\/wwwnew.uat.infinityrp.com\/#organization"},"potentialAction":[{"@type":"SearchAction","target":{"@type":"EntryPoint","urlTemplate":"https:\/\/wwwnew.uat.infinityrp.com\/?s={search_term_string}"},"query-input":{"@type":"PropertyValueSpecification","valueRequired":true,"valueName":"search_term_string"}}],"inLanguage":"fr-FR"},{"@type":"Organization","@id":"https:\/\/wwwnew.uat.infinityrp.com\/#organization","name":"Infinity Global","url":"https:\/\/wwwnew.uat.infinityrp.com\/","logo":{"@type":"ImageObject","inLanguage":"fr-FR","@id":"https:\/\/wwwnew.uat.infinityrp.com\/#\/schema\/logo\/image\/","url":"https:\/\/www.infinityrp.com\/wp-content\/uploads\/2022\/02\/header-logo.svg","contentUrl":"https:\/\/www.infinityrp.com\/wp-content\/uploads\/2022\/02\/header-logo.svg","width":172,"height":47,"caption":"Infinity Global"},"image":{"@id":"https:\/\/wwwnew.uat.infinityrp.com\/#\/schema\/logo\/image\/"}}]}},"_links":{"self":[{"href":"https:\/\/www.infinityrp.com\/fr\/wp-json\/wp\/v2\/pages\/1935","targetHints":{"allow":["GET"]}}],"collection":[{"href":"https:\/\/www.infinityrp.com\/fr\/wp-json\/wp\/v2\/pages"}],"about":[{"href":"https:\/\/www.infinityrp.com\/fr\/wp-json\/wp\/v2\/types\/page"}],"author":[{"embeddable":true,"href":"https:\/\/www.infinityrp.com\/fr\/wp-json\/wp\/v2\/users\/1"}],"replies":[{"embeddable":true,"href":"https:\/\/www.infinityrp.com\/fr\/wp-json\/wp\/v2\/comments?post=1935"}],"version-history":[{"count":36,"href":"https:\/\/www.infinityrp.com\/fr\/wp-json\/wp\/v2\/pages\/1935\/revisions"}],"predecessor-version":[{"id":2584,"href":"https:\/\/www.infinityrp.com\/fr\/wp-json\/wp\/v2\/pages\/1935\/revisions\/2584"}],"wp:attachment":[{"href":"https:\/\/www.infinityrp.com\/fr\/wp-json\/wp\/v2\/media?parent=1935"}],"curies":[{"name":"wp","href":"https:\/\/api.w.org\/{rel}","templated":true}]}}