{"id":1933,"date":"2022-03-10T21:54:03","date_gmt":"2022-03-10T21:54:03","guid":{"rendered":"https:\/\/infinityglobal.eclipse-dev.com\/developpement-durable\/"},"modified":"2023-12-11T21:49:09","modified_gmt":"2023-12-11T21:49:09","slug":"developpement-durable","status":"publish","type":"page","link":"https:\/\/www.infinityrp.com\/fr\/developpement-durable\/","title":{"rendered":"D\u00e9veloppement Durable"},"content":{"rendered":"\n<h1 class=\"wp-block-heading\">L\u2019\u00e9coresponsabilit\u00e9 \u00e0 Chaque \u00c9tape<\/h1>\n\n\n\n<div style=\"height:80px\" aria-hidden=\"true\" class=\"wp-block-spacer\"><\/div>\n\n\n<section data-name=\"imagehero1428072137\" class=\"block image-hero    \"  style=\" \">\n    <div class=\"container-fluid fadeInUp\">\n        <div class=\"row\">\n            <img decoding=\"async\" width=\"1800\" height=\"914\" src=\"https:\/\/www.infinityrp.com\/wp-content\/uploads\/2023\/08\/shutterstock_1762566149-2.jpg\" class=\"attachment-full size-full\" alt=\"\" srcset=\"https:\/\/www.infinityrp.com\/wp-content\/uploads\/2023\/08\/shutterstock_1762566149-2.jpg 1800w, https:\/\/www.infinityrp.com\/wp-content\/uploads\/2023\/08\/shutterstock_1762566149-2-300x152.jpg 300w, https:\/\/www.infinityrp.com\/wp-content\/uploads\/2023\/08\/shutterstock_1762566149-2-1024x520.jpg 1024w, https:\/\/www.infinityrp.com\/wp-content\/uploads\/2023\/08\/shutterstock_1762566149-2-768x390.jpg 768w, https:\/\/www.infinityrp.com\/wp-content\/uploads\/2023\/08\/shutterstock_1762566149-2-1536x780.jpg 1536w\" sizes=\"(max-width: 1800px) 100vw, 1800px\" \/>\n        <\/div>\n    <\/div>\n   \n<\/section>\n\n\n\n\n\n<section data-name=\"splitblockimgrightnomobileimg492548858\" class=\"block split-block img-right no-mobile-img    \"  style=\" ;padding-bottom: 160px; \">    <div class=\"container-md\">\n\n        <div class=\"row\">\n                            <div class=\"col-md-5 text-block inner-block\">\n                    <div class=\"content-group\">\n                        <h3>NOS ENGAGEMENTS<\/h3>\n<p>Dans une qu\u00eate continue d\u2019am\u00e9lioration, nous visons un impact positif sur l\u2019Homme et son environnement, partout o\u00f9 nous op\u00e9rons.<\/p>\n<p>Nos engagements \u00e9coresponsables reposent sur trois piliers : la plan\u00e8te, les hommes, la coop\u00e9ration, convaincus que chaque effort fait la diff\u00e9rence. <\/p>\n                    <\/div>\n                <\/div>\n                                        <div class=\"col-md-7 img-block inner-block\">\n                    <img decoding=\"async\" src=\"https:\/\/www.infinityrp.com\/wp-content\/uploads\/2022\/04\/optimized_shutterstock_245284360-scaled-e1649111766135.jpg\" alt=\"\" \/>\n                <\/div>\n                    <\/div>\n    <\/div>\n<\/section>\n\n\n\n\n<section data-name=\"fullwidthnavigableblock1604928255\" class=\"block full-width-navigable-block   background-teal \"  style=\" \"><div class=\"container-md block-heading-container\">\n      <div class=\"row\">\n        <div class=\"col-md-12\"><h3>Tous Nos Efforts Comptent<\/h3>\n<\/div>\n      <\/div>\n    <\/div>\n<div class=\"container-md\">\n    <div class=\"row\">\n        <!-- <div class=\"col-md-1\"><\/div> -->\n        <div class=\"col-md-12 full-width-navigable-block__navigation \">\n            \n            <a tabindex=\"0\" class=\"navigation-item offset-fadeInUp\" data-target=\"la-plan-te\">\n                La Plan\u00e8te            <\/a>\n            <span class=\"separator\">+<\/span>\n\n            \n            <a tabindex=\"0\" class=\"navigation-item offset-fadeInUp\" data-target=\"lhumain\">\n                L\u2019Humain            <\/a>\n            <span class=\"separator\">+<\/span>\n\n            \n            <a tabindex=\"0\" class=\"navigation-item offset-fadeInUp\" data-target=\"nos-partenariats\">\n                Nos Partenariats            <\/a>\n            <span class=\"separator\">+<\/span>\n\n                    <\/div>\n    <\/div>\n<\/div>\n<div class=\"container-md\">\n    <div class=\"row\">\n        <!-- <div class=\"col-md-1\"><\/div> -->\n\n        <div class=\"col-md-12 fadeInUp\">\n                        <div class=\"full-width-navigable-block__content collapse\" id=\"la-plan-te\">\n                <div class=\"full-width-navigable-block__content__intro\"><h4>Pr\u00e9server notre plan\u00e8te est pour nous une raison d\u2019\u00eatre. Ainsi nous agissons ensemble sur nos consommations d\u2019\u00e9nergie, d\u2019eau et nos diverses \u00e9missions afin de r\u00e9duire notre impact.<\/h4>\n<\/div>                <div class=\"full-width-navigable-block__content__body\"><p><b>Une Efficacit\u00e9 Op\u00e9rationnelle<\/b>: Nous veillons \u00e0 r\u00e9duire notre empreinte carbone et en particulier notre consommation d\u2019\u00e9nergie, \u00e0 la fois dans nos bureaux et nos entrep\u00f4ts, mais aussi en encourageant tous nos partenaires logistiques.<\/p>\n<p><b>Des Choix Responsables<\/b>: Nous s\u00e9lectionnons et vous recommandons les mati\u00e8res premi\u00e8res les plus respectueuses de l\u2019environnement, tout en garantissant leur certification et en favorisant l\u2019\u00e9conomie circulaire.<\/p>\n<p><b>Des Modes de Transport Respectueux<\/b>: Nous poursuivons nos investissements technologiques et privil\u00e9gions une organisation strat\u00e9gique des transports afin de consolider et rationaliser les flux internationaux. Notre objectif est double : r\u00e9duire les \u00e9missions de CO2 et garantir des process de livraison s\u00fbrs et efficaces.<\/p>\n<p><b>Des Mat\u00e9riaux Durables<\/b>: Nous r\u00e9duisons la part des suremballages destin\u00e9s au transport et favorisons des solutions plus performantes en \u00e9liminant les plastiques \u00e0 usage unique au profit d\u2019alternatives recycl\u00e9es.<\/p>\n<p><b>Innovation Design<\/b>: Nos propositions de conception et d\u00e9veloppement avec notamment la technologie 3D, permettent de vous apporter des solutions et visualisations rapides et ainsi de r\u00e9duire notre empreinte carbone en limitant les envois de prototypes.<\/p>\n<\/div>            <\/div>\n                        <div class=\"full-width-navigable-block__content collapse\" id=\"lhumain\">\n                <div class=\"full-width-navigable-block__content__intro\"><h4>Notre r\u00e9seau mondial de collaborateurs constitue notre meilleur atout. Nous avons \u00e0 c\u0153ur de cr\u00e9er pour eux un environnement de travail \u00e0 la fois s\u00fbr, juste et inclusif.<\/h4>\n<\/div>                <div class=\"full-width-navigable-block__content__body\"><p><b>Soutenir la Vie Locale et ses Communaut\u00e9s<\/b>: Nous soutenons des organisations \u00e0 but non lucratif et agissons b\u00e9n\u00e9volement dans la majeure partie des pays o\u00f9 nous sommes pr\u00e9sents, pour soutenir localement les besoins des familles, facilit\u00e9 l&#8217;acc\u00e8s \u00e0 l&#8217;education, et cr\u00e9er pour elles des environnements de travail s\u00fbrs.<\/p>\n<p><b>Diversit\u00e9 <\/b><b>et inclusivit\u00e9<\/b>: Nous valorisons et respectons la nature, l\u2019origine et les initiatives de chacun de nos collaborateurs, en faveur d\u2019un environnement de travail inclusif et \u00e9quitable.<\/p>\n<p><b>Esprit d\u2019\u00c9quipe<\/b>: Nous encourageons nos collaborateurs, partenaires et acteurs industriels \u00e0 privil\u00e9gier un sourcing performant et durable, le respect des droits de l\u2019homme et une cha\u00eene logistique \u00e9coresponsable.<\/p>\n<p><b>Des Conditions de Travail \u00c9quitables et des Environnements de Travail S\u00fbrs<\/b>: Nous \u00e9valuons et accompagnons nos partenaires pour respecter la conformit\u00e9 avec Le Code de Conduite.<\/p>\n<\/div>            <\/div>\n                        <div class=\"full-width-navigable-block__content collapse\" id=\"nos-partenariats\">\n                <div class=\"full-width-navigable-block__content__intro\"><h4>Nous sommes fiers de collaborer avec des entreprises qui partagent une m\u00eame vision soci\u00e9tale et environnementale, une organisation \u00e9thique et responsable pour cr\u00e9er ensemble un futur meilleur.<\/h4>\n<\/div>                <div class=\"full-width-navigable-block__content__body\"><p><b>Int\u00e9gration de nos Nouveaux Fournisseurs<\/b>: Nous imposons un processus strict de qualification et d\u2019int\u00e9gration de nos fabricants partenaires, gr\u00e2ce une politique exigeante d\u2019homologation en ligne avec vos objectifs RSE, pour un gain de temps et une r\u00e9duction des co\u00fbts et des risques.<\/p>\n<p><b>Sourcing Responsable<\/b>: Nous prot\u00e9geons et optimisons notre impact sur l\u2019Homme et la Plan\u00e8te gr\u00e2ce \u00e0 la s\u00e9lection et au pilotage de nos partenaires. Nous nous concentrons aussi sur le respect des ressources essentielles et la croissance en limitant le gaspillage.<\/p>\n<p><b>Tra\u00e7abilit\u00e9<\/b>: Tracer l\u2019origine et la transformation des mati\u00e8res premi\u00e8res gr\u00e2ce \u00e0 un suivi op\u00e9rationnel chez nos partenaires \u00e0 chacune des \u00e9tapes de production.<\/p>\n<p><b>Conformit\u00e9<\/b>: Nos protocoles stricts de tests et d&#8217;audit garantissent les plus hauts niveaux de transparence et de conformit\u00e9, en phase avec les standards soci\u00e9taux et environnementaux.<\/p>\n<p><b>Normes de Certification<\/b>: Nos prestataires partenaires disposent des certifications sociales et environnementales les plus exigeantes, telles que SA8000, ISO 14001, FSC, GOTS, GRS et OEKO-TEX. Nous ajustons notre niveau de certification pour chacun de vos objectifs RSE.<\/p>\n<\/div>            <\/div>\n                    <\/div>\n\n    <\/div>\n\n\n<\/div>\n<\/section>\n\n\n<div style=\"height:80px\" aria-hidden=\"true\" class=\"wp-block-spacer\"><\/div>\n\n\n\n<h3 class=\"wp-block-heading pb-2\" id=\"our-certifications-and-sustainable-rating\">Nos Certifications et nos Engagements<\/h3>\n\n\n\n<p id=\"putting-social-responsibility-and-respect-for-the-environment-at-the-forefront-of-our-core-values-we-strive-to-exceed-the-industry-standards-and-adopt-more-sustainable-practices-and-better-eco-efficiencies\">Nous faisons de la responsabilit\u00e9 sociale et de l\u2019environnement des valeurs prioritaires, afin de d\u00e9passer les standards de l\u2019industrie du luxe par des pratiques encore plus responsables et une performance durable.<\/p>\n\n\n\n<div style=\"height:40px\" aria-hidden=\"true\" class=\"wp-block-spacer\"><\/div>\n\n\n\n<figure class=\"wp-block-gallery has-nested-images columns-default sustainability-logos wp-block-gallery-1 is-layout-flex wp-block-gallery-is-layout-flex\">\n<figure class=\"wp-block-image size-large\"><img decoding=\"async\" width=\"292\" height=\"164\" data-id=\"634\" src=\"https:\/\/www.infinityrp.com\/wp-content\/uploads\/2022\/03\/GRS_Color_with_IG_Control-1.png\" alt=\"\" class=\"wp-image-634\"\/><\/figure>\n\n\n\n<figure class=\"wp-block-image size-large shift-right\"><img decoding=\"async\" data-id=\"1562\" src=\"https:\/\/www.infinityrp.com\/wp-content\/uploads\/2022\/04\/IG_FSC_logo-42822.svg\" alt=\"\" class=\"wp-image-1562\"\/><\/figure>\n\n\n\n<figure class=\"wp-block-image size-full\"><img decoding=\"async\" width=\"782\" height=\"782\" data-id=\"2527\" src=\"https:\/\/www.infinityrp.com\/wp-content\/uploads\/2023\/12\/Ecovadis-Silver-2023.png\" alt=\"\" class=\"wp-image-2527\" srcset=\"https:\/\/www.infinityrp.com\/wp-content\/uploads\/2023\/12\/Ecovadis-Silver-2023.png 782w, https:\/\/www.infinityrp.com\/wp-content\/uploads\/2023\/12\/Ecovadis-Silver-2023-300x300.png 300w, https:\/\/www.infinityrp.com\/wp-content\/uploads\/2023\/12\/Ecovadis-Silver-2023-150x150.png 150w, https:\/\/www.infinityrp.com\/wp-content\/uploads\/2023\/12\/Ecovadis-Silver-2023-768x768.png 768w\" sizes=\"(max-width: 782px) 100vw, 782px\" \/><\/figure>\n<\/figure>\n","protected":false},"excerpt":{"rendered":"<p>L\u2019\u00e9coresponsabilit\u00e9 \u00e0 Chaque \u00c9tape Nos Certifications et nos Engagements Nous faisons de la responsabilit\u00e9 sociale et de l\u2019environnement des valeurs prioritaires, afin de d\u00e9passer les standards de l\u2019industrie du luxe par des pratiques encore plus responsables et une performance durable.<\/p>\n","protected":false},"author":1,"featured_media":954,"parent":0,"menu_order":0,"comment_status":"closed","ping_status":"closed","template":"","meta":{"_acf_changed":false,"footnotes":""},"class_list":["post-1933","page","type-page","status-publish","has-post-thumbnail"],"acf":[],"yoast_head":"<!-- This site is optimized with the Yoast SEO plugin v25.9 - https:\/\/yoast.com\/wordpress\/plugins\/seo\/ -->\n<title>D\u00e9veloppement durable | Infinity Global<\/title>\n<meta name=\"description\" content=\"Notre vocation : g\u00e9n\u00e9rer un impact soci\u00e9tal et environnemental positif \u00e0 chaque \u00e9tape.\" \/>\n<meta name=\"robots\" content=\"index, follow, max-snippet:-1, max-image-preview:large, max-video-preview:-1\" \/>\n<link rel=\"canonical\" href=\"https:\/\/www.infinityrp.com\/fr\/developpement-durable\/\" \/>\n<meta property=\"og:locale\" content=\"fr_FR\" \/>\n<meta property=\"og:type\" content=\"article\" \/>\n<meta property=\"og:title\" content=\"D\u00e9veloppement durable | Infinity Global\" \/>\n<meta property=\"og:description\" content=\"Notre vocation : g\u00e9n\u00e9rer un impact soci\u00e9tal et environnemental positif \u00e0 chaque \u00e9tape.\" \/>\n<meta property=\"og:url\" content=\"https:\/\/www.infinityrp.com\/fr\/developpement-durable\/\" \/>\n<meta property=\"og:site_name\" content=\"Infinity Global\" \/>\n<meta property=\"article:modified_time\" content=\"2023-12-11T21:49:09+00:00\" \/>\n<meta property=\"og:image\" content=\"https:\/\/www.infinityrp.com\/wp-content\/uploads\/2022\/04\/optimized_shutterstock_1762566149-scaled.jpg\" \/>\n\t<meta property=\"og:image:width\" content=\"2560\" \/>\n\t<meta property=\"og:image:height\" content=\"1299\" \/>\n\t<meta property=\"og:image:type\" content=\"image\/jpeg\" \/>\n<meta name=\"twitter:card\" content=\"summary_large_image\" \/>\n<meta name=\"twitter:label1\" content=\"Est. reading time\" \/>\n\t<meta name=\"twitter:data1\" content=\"1 minute\" \/>\n<script type=\"application\/ld+json\" class=\"yoast-schema-graph\">{\"@context\":\"https:\/\/schema.org\",\"@graph\":[{\"@type\":\"WebPage\",\"@id\":\"https:\/\/www.infinityrp.com\/fr\/developpement-durable\/\",\"url\":\"https:\/\/www.infinityrp.com\/fr\/developpement-durable\/\",\"name\":\"D\u00e9veloppement durable | Infinity Global\",\"isPartOf\":{\"@id\":\"https:\/\/wwwnew.uat.infinityrp.com\/#website\"},\"primaryImageOfPage\":{\"@id\":\"https:\/\/www.infinityrp.com\/fr\/developpement-durable\/#primaryimage\"},\"image\":{\"@id\":\"https:\/\/www.infinityrp.com\/fr\/developpement-durable\/#primaryimage\"},\"thumbnailUrl\":\"https:\/\/www.infinityrp.com\/wp-content\/uploads\/2022\/04\/optimized_shutterstock_1762566149-scaled.jpg\",\"datePublished\":\"2022-03-10T21:54:03+00:00\",\"dateModified\":\"2023-12-11T21:49:09+00:00\",\"description\":\"Notre vocation : g\u00e9n\u00e9rer un impact soci\u00e9tal et environnemental positif \u00e0 chaque \u00e9tape.\",\"breadcrumb\":{\"@id\":\"https:\/\/www.infinityrp.com\/fr\/developpement-durable\/#breadcrumb\"},\"inLanguage\":\"fr-FR\",\"potentialAction\":[{\"@type\":\"ReadAction\",\"target\":[\"https:\/\/www.infinityrp.com\/fr\/developpement-durable\/\"]}]},{\"@type\":\"ImageObject\",\"inLanguage\":\"fr-FR\",\"@id\":\"https:\/\/www.infinityrp.com\/fr\/developpement-durable\/#primaryimage\",\"url\":\"https:\/\/www.infinityrp.com\/wp-content\/uploads\/2022\/04\/optimized_shutterstock_1762566149-scaled.jpg\",\"contentUrl\":\"https:\/\/www.infinityrp.com\/wp-content\/uploads\/2022\/04\/optimized_shutterstock_1762566149-scaled.jpg\",\"width\":2560,\"height\":1299,\"caption\":\"Summer scenery of mountain lake Lacul Rosu (Red Lake or Killer Lake). Popular travel destination and place for active rest and adventures in Eastern Carpathians. Harghita County, Romania\"},{\"@type\":\"BreadcrumbList\",\"@id\":\"https:\/\/www.infinityrp.com\/fr\/developpement-durable\/#breadcrumb\",\"itemListElement\":[{\"@type\":\"ListItem\",\"position\":1,\"name\":\"Home\",\"item\":\"https:\/\/wwwnew.uat.infinityrp.com\/fr\/\"},{\"@type\":\"ListItem\",\"position\":2,\"name\":\"D\u00e9veloppement Durable\"}]},{\"@type\":\"WebSite\",\"@id\":\"https:\/\/wwwnew.uat.infinityrp.com\/#website\",\"url\":\"https:\/\/wwwnew.uat.infinityrp.com\/\",\"name\":\"Infinity Global\",\"description\":\"Innovative and sustainable solutions for the world\u2019s most iconic brands.\",\"publisher\":{\"@id\":\"https:\/\/wwwnew.uat.infinityrp.com\/#organization\"},\"potentialAction\":[{\"@type\":\"SearchAction\",\"target\":{\"@type\":\"EntryPoint\",\"urlTemplate\":\"https:\/\/wwwnew.uat.infinityrp.com\/?s={search_term_string}\"},\"query-input\":{\"@type\":\"PropertyValueSpecification\",\"valueRequired\":true,\"valueName\":\"search_term_string\"}}],\"inLanguage\":\"fr-FR\"},{\"@type\":\"Organization\",\"@id\":\"https:\/\/wwwnew.uat.infinityrp.com\/#organization\",\"name\":\"Infinity Global\",\"url\":\"https:\/\/wwwnew.uat.infinityrp.com\/\",\"logo\":{\"@type\":\"ImageObject\",\"inLanguage\":\"fr-FR\",\"@id\":\"https:\/\/wwwnew.uat.infinityrp.com\/#\/schema\/logo\/image\/\",\"url\":\"https:\/\/www.infinityrp.com\/wp-content\/uploads\/2022\/02\/header-logo.svg\",\"contentUrl\":\"https:\/\/www.infinityrp.com\/wp-content\/uploads\/2022\/02\/header-logo.svg\",\"width\":172,\"height\":47,\"caption\":\"Infinity Global\"},\"image\":{\"@id\":\"https:\/\/wwwnew.uat.infinityrp.com\/#\/schema\/logo\/image\/\"}}]}<\/script>\n<!-- \/ Yoast SEO plugin. -->","yoast_head_json":{"title":"D\u00e9veloppement durable | Infinity Global","description":"Notre vocation : g\u00e9n\u00e9rer un impact soci\u00e9tal et environnemental positif \u00e0 chaque \u00e9tape.","robots":{"index":"index","follow":"follow","max-snippet":"max-snippet:-1","max-image-preview":"max-image-preview:large","max-video-preview":"max-video-preview:-1"},"canonical":"https:\/\/www.infinityrp.com\/fr\/developpement-durable\/","og_locale":"fr_FR","og_type":"article","og_title":"D\u00e9veloppement durable | Infinity Global","og_description":"Notre vocation : g\u00e9n\u00e9rer un impact soci\u00e9tal et environnemental positif \u00e0 chaque \u00e9tape.","og_url":"https:\/\/www.infinityrp.com\/fr\/developpement-durable\/","og_site_name":"Infinity Global","article_modified_time":"2023-12-11T21:49:09+00:00","og_image":[{"width":2560,"height":1299,"url":"https:\/\/www.infinityrp.com\/wp-content\/uploads\/2022\/04\/optimized_shutterstock_1762566149-scaled.jpg","type":"image\/jpeg"}],"twitter_card":"summary_large_image","twitter_misc":{"Est. reading time":"1 minute"},"schema":{"@context":"https:\/\/schema.org","@graph":[{"@type":"WebPage","@id":"https:\/\/www.infinityrp.com\/fr\/developpement-durable\/","url":"https:\/\/www.infinityrp.com\/fr\/developpement-durable\/","name":"D\u00e9veloppement durable | Infinity Global","isPartOf":{"@id":"https:\/\/wwwnew.uat.infinityrp.com\/#website"},"primaryImageOfPage":{"@id":"https:\/\/www.infinityrp.com\/fr\/developpement-durable\/#primaryimage"},"image":{"@id":"https:\/\/www.infinityrp.com\/fr\/developpement-durable\/#primaryimage"},"thumbnailUrl":"https:\/\/www.infinityrp.com\/wp-content\/uploads\/2022\/04\/optimized_shutterstock_1762566149-scaled.jpg","datePublished":"2022-03-10T21:54:03+00:00","dateModified":"2023-12-11T21:49:09+00:00","description":"Notre vocation : g\u00e9n\u00e9rer un impact soci\u00e9tal et environnemental positif \u00e0 chaque \u00e9tape.","breadcrumb":{"@id":"https:\/\/www.infinityrp.com\/fr\/developpement-durable\/#breadcrumb"},"inLanguage":"fr-FR","potentialAction":[{"@type":"ReadAction","target":["https:\/\/www.infinityrp.com\/fr\/developpement-durable\/"]}]},{"@type":"ImageObject","inLanguage":"fr-FR","@id":"https:\/\/www.infinityrp.com\/fr\/developpement-durable\/#primaryimage","url":"https:\/\/www.infinityrp.com\/wp-content\/uploads\/2022\/04\/optimized_shutterstock_1762566149-scaled.jpg","contentUrl":"https:\/\/www.infinityrp.com\/wp-content\/uploads\/2022\/04\/optimized_shutterstock_1762566149-scaled.jpg","width":2560,"height":1299,"caption":"Summer scenery of mountain lake Lacul Rosu (Red Lake or Killer Lake). Popular travel destination and place for active rest and adventures in Eastern Carpathians. Harghita County, Romania"},{"@type":"BreadcrumbList","@id":"https:\/\/www.infinityrp.com\/fr\/developpement-durable\/#breadcrumb","itemListElement":[{"@type":"ListItem","position":1,"name":"Home","item":"https:\/\/wwwnew.uat.infinityrp.com\/fr\/"},{"@type":"ListItem","position":2,"name":"D\u00e9veloppement Durable"}]},{"@type":"WebSite","@id":"https:\/\/wwwnew.uat.infinityrp.com\/#website","url":"https:\/\/wwwnew.uat.infinityrp.com\/","name":"Infinity Global","description":"Innovative and sustainable solutions for the world\u2019s most iconic brands.","publisher":{"@id":"https:\/\/wwwnew.uat.infinityrp.com\/#organization"},"potentialAction":[{"@type":"SearchAction","target":{"@type":"EntryPoint","urlTemplate":"https:\/\/wwwnew.uat.infinityrp.com\/?s={search_term_string}"},"query-input":{"@type":"PropertyValueSpecification","valueRequired":true,"valueName":"search_term_string"}}],"inLanguage":"fr-FR"},{"@type":"Organization","@id":"https:\/\/wwwnew.uat.infinityrp.com\/#organization","name":"Infinity Global","url":"https:\/\/wwwnew.uat.infinityrp.com\/","logo":{"@type":"ImageObject","inLanguage":"fr-FR","@id":"https:\/\/wwwnew.uat.infinityrp.com\/#\/schema\/logo\/image\/","url":"https:\/\/www.infinityrp.com\/wp-content\/uploads\/2022\/02\/header-logo.svg","contentUrl":"https:\/\/www.infinityrp.com\/wp-content\/uploads\/2022\/02\/header-logo.svg","width":172,"height":47,"caption":"Infinity Global"},"image":{"@id":"https:\/\/wwwnew.uat.infinityrp.com\/#\/schema\/logo\/image\/"}}]}},"_links":{"self":[{"href":"https:\/\/www.infinityrp.com\/fr\/wp-json\/wp\/v2\/pages\/1933","targetHints":{"allow":["GET"]}}],"collection":[{"href":"https:\/\/www.infinityrp.com\/fr\/wp-json\/wp\/v2\/pages"}],"about":[{"href":"https:\/\/www.infinityrp.com\/fr\/wp-json\/wp\/v2\/types\/page"}],"author":[{"embeddable":true,"href":"https:\/\/www.infinityrp.com\/fr\/wp-json\/wp\/v2\/users\/1"}],"replies":[{"embeddable":true,"href":"https:\/\/www.infinityrp.com\/fr\/wp-json\/wp\/v2\/comments?post=1933"}],"version-history":[{"count":25,"href":"https:\/\/www.infinityrp.com\/fr\/wp-json\/wp\/v2\/pages\/1933\/revisions"}],"predecessor-version":[{"id":2530,"href":"https:\/\/www.infinityrp.com\/fr\/wp-json\/wp\/v2\/pages\/1933\/revisions\/2530"}],"wp:featuredmedia":[{"embeddable":true,"href":"https:\/\/www.infinityrp.com\/fr\/wp-json\/wp\/v2\/media\/954"}],"wp:attachment":[{"href":"https:\/\/www.infinityrp.com\/fr\/wp-json\/wp\/v2\/media?parent=1933"}],"curies":[{"name":"wp","href":"https:\/\/api.w.org\/{rel}","templated":true}]}}