{"id":1929,"date":"2022-02-02T22:39:52","date_gmt":"2022-02-02T22:39:52","guid":{"rendered":"https:\/\/infinityglobal.eclipse-dev.com\/home\/"},"modified":"2022-05-21T03:12:21","modified_gmt":"2022-05-21T03:12:21","slug":"home","status":"publish","type":"page","link":"https:\/\/www.infinityrp.com\/fr\/","title":{"rendered":"Home"},"content":{"rendered":"<section data-name=\"videoherohasmobile826957629\" class=\"block video-hero has-mobile    \"  style=\" \">    <div class=\"container-fluid fadeInUp\">\n\n        <div class=\"row\">\n            \n            <video class=\"video\" style=\"background-image:url(https:\/\/www.infinityrp.com\/wp-content\/uploads\/2022\/02\/IG_Website_AnimationHeader.jpg)\" autoplay muted playsinline>\n                <source src=\"https:\/\/www.infinityrp.com\/wp-content\/uploads\/2022\/04\/01-header-V6-FR.mp4\" type=\"video\/mp4\">\n            <\/video>\n\n            <img decoding=\"async\" width=\"388\" height=\"314\" src=\"https:\/\/www.infinityrp.com\/wp-content\/uploads\/2022\/05\/Mobile_Animation_FrFinal.gif\" class=\"mobile-image\" alt=\"\" \/>\n        <\/div>\n    <\/div>\n<\/section>\n\n\n<h1 class=\"wp-block-heading\" id=\"innovative-and-sustainable-linebreak-solutions-for-the-world-s-most-linebreak-iconic-brands\">Des Solutions Innovantes et \u00c9coresponsables pour les Marques Internationales les Plus Prestigieuses<\/h1>\n\n\n\n\n\n\n<section data-name=\"splitblockimgleft450410715\" class=\"block split-block img-left     \"  style=\" \">    <div class=\"container-md\">\n\n        <div class=\"row\">\n                            <div class=\"col-md-5 text-block inner-block\">\n                    <div class=\"content-group\">\n                        <h3>NOS SERVICES<\/h3>\n<p>Nous apportons des solutions packaging sur mesure, de la conception au d\u00e9veloppement, de la production \u00e0 la distribution, en int\u00e9grant l\u2019analyse des datas sp\u00e9cifiques \u00e0 chaque Marque.<\/p>\n                    <\/div>\n                <\/div>\n                                        <div class=\"col-md-7 img-block inner-block\">\n                    <img decoding=\"async\" src=\"https:\/\/www.infinityrp.com\/wp-content\/uploads\/2022\/04\/optimized_14_delvaux3boxes_00462_rt_v2-scaled-e1649178282531.jpg\" alt=\"\" \/>\n                <\/div>\n                    <\/div>\n    <\/div>\n<\/section>\n\n\n\n\n<section data-name=\"servicectablock491748510\" class=\"block service-cta-block  accent-kraft  \"  style=\" \">\n<!-- <section class=\"block service-cta-block accent-kraft\"> -->\n    <div class=\"container-md\">\n        <div class=\"row\">\n            <div class=\"col-md-1\"><\/div>\n                            <div class=\"col-md-3 img-block inner-block animated-svg\" data-animation=\"box\"><\/div>\n            \n            <div class=\"col-md-8 text-block inner-block fadeInUp\">\n                <div class=\"content-body\">\n                                            <h2>Solutions Packaging<\/h2>\n                    \n                    <div class=\"content-body__inner\">\n                                                    <p>Concevoir | Sourcer | Produire<\/p>\n<p>Nous d\u00e9veloppons des packagings innovants qui refl\u00e8tent l\u2019identit\u00e9 et les valeurs de votre marque.<\/p>\n                        \n                                                    <a class=\"button\" href=\"\/fr\/services\/#packaging-solutions\" target=\"\">En Savoir Plus<\/a>\n                                            <\/div>\n                <\/div>\n\n            <\/div>\n            <div class=\"col-md-1\"><\/div>\n        <\/div>\n    <\/div>\n<\/section>\n\n\n\n\n<section data-name=\"servicectablock1214235472\" class=\"block service-cta-block  accent-silver  \"  style=\" \">\n<!-- <section class=\"block service-cta-block accent-silver\"> -->\n    <div class=\"container-md\">\n        <div class=\"row\">\n            <div class=\"col-md-1\"><\/div>\n                            <div class=\"col-md-3 img-block inner-block animated-svg\" data-animation=\"globe\"><\/div>\n            \n            <div class=\"col-md-8 text-block inner-block fadeInUp\">\n                <div class=\"content-body\">\n                                            <h2>Une Cha\u00eene Logistique Globale<\/h2>\n                    \n                    <div class=\"content-body__inner\">\n                                                    <p>Produire | Transporter | Livrer<\/p>\n<p>Nos \u00e9quipes bas\u00e9es dans les zones strat\u00e9giques en Europe, en Asie et aux Am\u00e9riques, optimisent en temps r\u00e9el des solutions ad hoc, pour chacun de vos besoins, tout au long de la supply chain.<\/p>\n                        \n                                                    <a class=\"button\" href=\"\/fr\/services\/#global-supply-chain\" target=\"\">En Savoir Plus<\/a>\n                                            <\/div>\n                <\/div>\n\n            <\/div>\n            <div class=\"col-md-1\"><\/div>\n        <\/div>\n    <\/div>\n<\/section>\n\n\n\n\n<section data-name=\"servicectablock1693651532\" class=\"block service-cta-block  accent-teal  \"  style=\" \">\n<!-- <section class=\"block service-cta-block accent-teal\"> -->\n    <div class=\"container-md\">\n        <div class=\"row\">\n            <div class=\"col-md-1\"><\/div>\n                            <div class=\"col-md-3 img-block inner-block animated-svg\" data-animation=\"chart\"><\/div>\n            \n            <div class=\"col-md-8 text-block inner-block fadeInUp\">\n                <div class=\"content-body\">\n                                            <h2>Gestion de l&#8217;Information et des Data<\/h2>\n                    \n                    <div class=\"content-body__inner\">\n                                                    <p>Mesurer | Analyser | Contr\u00f4ler<\/p>\n<p>Notre plateforme informatique propri\u00e9taire, enti\u00e8rement d\u00e9di\u00e9e au suivi des programmes de packaging, permet une approche agile et strat\u00e9gique.<\/p>\n                        \n                                                    <a class=\"button\" href=\"\/fr\/services\/#business-intelligence\" target=\"\">En Savoir Plus<\/a>\n                                            <\/div>\n                <\/div>\n\n            <\/div>\n            <div class=\"col-md-1\"><\/div>\n        <\/div>\n    <\/div>\n<\/section>\n\n\n<p><\/p>\n","protected":false},"excerpt":{"rendered":"<p>Des Solutions Innovantes et \u00c9coresponsables pour les Marques Internationales les Plus Prestigieuses<\/p>\n","protected":false},"author":1,"featured_media":0,"parent":0,"menu_order":0,"comment_status":"closed","ping_status":"closed","template":"","meta":{"_acf_changed":false,"footnotes":""},"class_list":["post-1929","page","type-page","status-publish"],"acf":[],"yoast_head":"<!-- This site is optimized with the Yoast SEO plugin v25.9 - https:\/\/yoast.com\/wordpress\/plugins\/seo\/ -->\n<title>Le packaging de Luxe sur mesure | Infinity Global<\/title>\n<meta name=\"description\" content=\"INFINITY GLOBAL propose des solutions packaging sur mesure, de la conception au d\u00e9veloppement, de la production \u00e0 la distribution, en int\u00e9grant l\u2019analyse des datas sp\u00e9cifiques \u00e0 chaque Marque.\" \/>\n<meta name=\"robots\" content=\"index, follow, max-snippet:-1, max-image-preview:large, max-video-preview:-1\" \/>\n<link rel=\"canonical\" href=\"https:\/\/www.infinityrp.com\/fr\/\" \/>\n<meta property=\"og:locale\" content=\"fr_FR\" \/>\n<meta property=\"og:type\" content=\"article\" \/>\n<meta property=\"og:title\" content=\"Le packaging de Luxe sur mesure | Infinity Global\" \/>\n<meta property=\"og:description\" content=\"INFINITY GLOBAL propose des solutions packaging sur mesure, de la conception au d\u00e9veloppement, de la production \u00e0 la distribution, en int\u00e9grant l\u2019analyse des datas sp\u00e9cifiques \u00e0 chaque Marque.\" \/>\n<meta property=\"og:url\" content=\"https:\/\/www.infinityrp.com\/fr\/\" \/>\n<meta property=\"og:site_name\" content=\"Infinity Global\" \/>\n<meta property=\"article:modified_time\" content=\"2022-05-21T03:12:21+00:00\" \/>\n<meta name=\"twitter:card\" content=\"summary_large_image\" \/>\n<meta name=\"twitter:label1\" content=\"Est. reading time\" \/>\n\t<meta name=\"twitter:data1\" content=\"1 minute\" \/>\n<script type=\"application\/ld+json\" class=\"yoast-schema-graph\">{\"@context\":\"https:\/\/schema.org\",\"@graph\":[{\"@type\":\"WebPage\",\"@id\":\"https:\/\/www.infinityrp.com\/fr\/\",\"url\":\"https:\/\/www.infinityrp.com\/fr\/\",\"name\":\"Le packaging de Luxe sur mesure | Infinity Global\",\"isPartOf\":{\"@id\":\"https:\/\/wwwnew.uat.infinityrp.com\/#website\"},\"datePublished\":\"2022-02-02T22:39:52+00:00\",\"dateModified\":\"2022-05-21T03:12:21+00:00\",\"description\":\"INFINITY GLOBAL propose des solutions packaging sur mesure, de la conception au d\u00e9veloppement, de la production \u00e0 la distribution, en int\u00e9grant l\u2019analyse des datas sp\u00e9cifiques \u00e0 chaque Marque.\",\"breadcrumb\":{\"@id\":\"https:\/\/www.infinityrp.com\/fr\/#breadcrumb\"},\"inLanguage\":\"fr-FR\",\"potentialAction\":[{\"@type\":\"ReadAction\",\"target\":[\"https:\/\/www.infinityrp.com\/fr\/\"]}]},{\"@type\":\"BreadcrumbList\",\"@id\":\"https:\/\/www.infinityrp.com\/fr\/#breadcrumb\",\"itemListElement\":[{\"@type\":\"ListItem\",\"position\":1,\"name\":\"Home\",\"item\":\"https:\/\/wwwnew.uat.infinityrp.com\/fr\/\"},{\"@type\":\"ListItem\",\"position\":2,\"name\":\"Home\"}]},{\"@type\":\"WebSite\",\"@id\":\"https:\/\/wwwnew.uat.infinityrp.com\/#website\",\"url\":\"https:\/\/wwwnew.uat.infinityrp.com\/\",\"name\":\"Infinity Global\",\"description\":\"Innovative and sustainable solutions for the world\u2019s most iconic brands.\",\"publisher\":{\"@id\":\"https:\/\/wwwnew.uat.infinityrp.com\/#organization\"},\"potentialAction\":[{\"@type\":\"SearchAction\",\"target\":{\"@type\":\"EntryPoint\",\"urlTemplate\":\"https:\/\/wwwnew.uat.infinityrp.com\/?s={search_term_string}\"},\"query-input\":{\"@type\":\"PropertyValueSpecification\",\"valueRequired\":true,\"valueName\":\"search_term_string\"}}],\"inLanguage\":\"fr-FR\"},{\"@type\":\"Organization\",\"@id\":\"https:\/\/wwwnew.uat.infinityrp.com\/#organization\",\"name\":\"Infinity Global\",\"url\":\"https:\/\/wwwnew.uat.infinityrp.com\/\",\"logo\":{\"@type\":\"ImageObject\",\"inLanguage\":\"fr-FR\",\"@id\":\"https:\/\/wwwnew.uat.infinityrp.com\/#\/schema\/logo\/image\/\",\"url\":\"https:\/\/www.infinityrp.com\/wp-content\/uploads\/2022\/02\/header-logo.svg\",\"contentUrl\":\"https:\/\/www.infinityrp.com\/wp-content\/uploads\/2022\/02\/header-logo.svg\",\"width\":172,\"height\":47,\"caption\":\"Infinity Global\"},\"image\":{\"@id\":\"https:\/\/wwwnew.uat.infinityrp.com\/#\/schema\/logo\/image\/\"}}]}<\/script>\n<!-- \/ Yoast SEO plugin. -->","yoast_head_json":{"title":"Le packaging de Luxe sur mesure | Infinity Global","description":"INFINITY GLOBAL propose des solutions packaging sur mesure, de la conception au d\u00e9veloppement, de la production \u00e0 la distribution, en int\u00e9grant l\u2019analyse des datas sp\u00e9cifiques \u00e0 chaque Marque.","robots":{"index":"index","follow":"follow","max-snippet":"max-snippet:-1","max-image-preview":"max-image-preview:large","max-video-preview":"max-video-preview:-1"},"canonical":"https:\/\/www.infinityrp.com\/fr\/","og_locale":"fr_FR","og_type":"article","og_title":"Le packaging de Luxe sur mesure | Infinity Global","og_description":"INFINITY GLOBAL propose des solutions packaging sur mesure, de la conception au d\u00e9veloppement, de la production \u00e0 la distribution, en int\u00e9grant l\u2019analyse des datas sp\u00e9cifiques \u00e0 chaque Marque.","og_url":"https:\/\/www.infinityrp.com\/fr\/","og_site_name":"Infinity Global","article_modified_time":"2022-05-21T03:12:21+00:00","twitter_card":"summary_large_image","twitter_misc":{"Est. reading time":"1 minute"},"schema":{"@context":"https:\/\/schema.org","@graph":[{"@type":"WebPage","@id":"https:\/\/www.infinityrp.com\/fr\/","url":"https:\/\/www.infinityrp.com\/fr\/","name":"Le packaging de Luxe sur mesure | Infinity Global","isPartOf":{"@id":"https:\/\/wwwnew.uat.infinityrp.com\/#website"},"datePublished":"2022-02-02T22:39:52+00:00","dateModified":"2022-05-21T03:12:21+00:00","description":"INFINITY GLOBAL propose des solutions packaging sur mesure, de la conception au d\u00e9veloppement, de la production \u00e0 la distribution, en int\u00e9grant l\u2019analyse des datas sp\u00e9cifiques \u00e0 chaque Marque.","breadcrumb":{"@id":"https:\/\/www.infinityrp.com\/fr\/#breadcrumb"},"inLanguage":"fr-FR","potentialAction":[{"@type":"ReadAction","target":["https:\/\/www.infinityrp.com\/fr\/"]}]},{"@type":"BreadcrumbList","@id":"https:\/\/www.infinityrp.com\/fr\/#breadcrumb","itemListElement":[{"@type":"ListItem","position":1,"name":"Home","item":"https:\/\/wwwnew.uat.infinityrp.com\/fr\/"},{"@type":"ListItem","position":2,"name":"Home"}]},{"@type":"WebSite","@id":"https:\/\/wwwnew.uat.infinityrp.com\/#website","url":"https:\/\/wwwnew.uat.infinityrp.com\/","name":"Infinity Global","description":"Innovative and sustainable solutions for the world\u2019s most iconic brands.","publisher":{"@id":"https:\/\/wwwnew.uat.infinityrp.com\/#organization"},"potentialAction":[{"@type":"SearchAction","target":{"@type":"EntryPoint","urlTemplate":"https:\/\/wwwnew.uat.infinityrp.com\/?s={search_term_string}"},"query-input":{"@type":"PropertyValueSpecification","valueRequired":true,"valueName":"search_term_string"}}],"inLanguage":"fr-FR"},{"@type":"Organization","@id":"https:\/\/wwwnew.uat.infinityrp.com\/#organization","name":"Infinity Global","url":"https:\/\/wwwnew.uat.infinityrp.com\/","logo":{"@type":"ImageObject","inLanguage":"fr-FR","@id":"https:\/\/wwwnew.uat.infinityrp.com\/#\/schema\/logo\/image\/","url":"https:\/\/www.infinityrp.com\/wp-content\/uploads\/2022\/02\/header-logo.svg","contentUrl":"https:\/\/www.infinityrp.com\/wp-content\/uploads\/2022\/02\/header-logo.svg","width":172,"height":47,"caption":"Infinity Global"},"image":{"@id":"https:\/\/wwwnew.uat.infinityrp.com\/#\/schema\/logo\/image\/"}}]}},"_links":{"self":[{"href":"https:\/\/www.infinityrp.com\/fr\/wp-json\/wp\/v2\/pages\/1929","targetHints":{"allow":["GET"]}}],"collection":[{"href":"https:\/\/www.infinityrp.com\/fr\/wp-json\/wp\/v2\/pages"}],"about":[{"href":"https:\/\/www.infinityrp.com\/fr\/wp-json\/wp\/v2\/types\/page"}],"author":[{"embeddable":true,"href":"https:\/\/www.infinityrp.com\/fr\/wp-json\/wp\/v2\/users\/1"}],"replies":[{"embeddable":true,"href":"https:\/\/www.infinityrp.com\/fr\/wp-json\/wp\/v2\/comments?post=1929"}],"version-history":[{"count":25,"href":"https:\/\/www.infinityrp.com\/fr\/wp-json\/wp\/v2\/pages\/1929\/revisions"}],"predecessor-version":[{"id":2288,"href":"https:\/\/www.infinityrp.com\/fr\/wp-json\/wp\/v2\/pages\/1929\/revisions\/2288"}],"wp:attachment":[{"href":"https:\/\/www.infinityrp.com\/fr\/wp-json\/wp\/v2\/media?parent=1929"}],"curies":[{"name":"wp","href":"https:\/\/api.w.org\/{rel}","templated":true}]}}